{"id":13066,"date":"2024-11-18T19:29:48","date_gmt":"2024-11-18T19:29:48","guid":{"rendered":"https:\/\/misslanguages.com\/product\/curso-anual-3-clases-por-semana-4-meses\/"},"modified":"2026-01-19T23:21:54","modified_gmt":"2026-01-19T23:21:54","slug":"curso-anual-3-clases-por-semana-4-meses","status":"publish","type":"product","link":"https:\/\/misslanguages.com\/es\/producto\/curso-anual-3-clases-por-semana-4-meses\/","title":{"rendered":"Curso anual: 3 clases por semana \/ 4 meses"},"content":{"rendered":"<p>Curso anual de espa\u00f1ol con 3 clases por semana durante 4 meses. Clases en grupos peque\u00f1os con un m\u00e1ximo de 6 estudiantes. Ideal para aquellos que buscan una experiencia de aprendizaje extensa y completa en Marbella, M\u00e1laga. Todos los niveles disponibles, desde principiante hasta avanzado. Incluye material did\u00e1ctico completo (libro de texto y libro de ejercicios). Horario: 3 clases por semana durante 4 meses. Duraci\u00f3n de la clase: 55 minutos + 5 minutos de descanso. Empieza cada lunes.<\/p>\n","protected":false},"excerpt":{"rendered":"<p>Curso anual de espa\u00f1ol con 3 clases por semana durante 4 meses. Clases en grupos peque\u00f1os con un m\u00e1ximo de<\/p>\n","protected":false},"featured_media":12499,"comment_status":"open","ping_status":"closed","template":"","meta":[],"product_brand":[],"product_cat":[338,345],"product_tag":[],"class_list":{"0":"post-13066","1":"product","2":"type-product","3":"status-publish","4":"has-post-thumbnail","6":"product_cat-cursos","7":"product_cat-cursos-anuales","9":"first","10":"instock","11":"shipping-taxable","12":"purchasable","13":"product-type-simple"},"_links":{"self":[{"href":"https:\/\/misslanguages.com\/es\/wp-json\/wp\/v2\/product\/13066","targetHints":{"allow":["GET"]}}],"collection":[{"href":"https:\/\/misslanguages.com\/es\/wp-json\/wp\/v2\/product"}],"about":[{"href":"https:\/\/misslanguages.com\/es\/wp-json\/wp\/v2\/types\/product"}],"replies":[{"embeddable":true,"href":"https:\/\/misslanguages.com\/es\/wp-json\/wp\/v2\/comments?post=13066"}],"wp:featuredmedia":[{"embeddable":true,"href":"https:\/\/misslanguages.com\/es\/wp-json\/wp\/v2\/media\/12499"}],"wp:attachment":[{"href":"https:\/\/misslanguages.com\/es\/wp-json\/wp\/v2\/media?parent=13066"}],"wp:term":[{"taxonomy":"product_brand","embeddable":true,"href":"https:\/\/misslanguages.com\/es\/wp-json\/wp\/v2\/product_brand?post=13066"},{"taxonomy":"product_cat","embeddable":true,"href":"https:\/\/misslanguages.com\/es\/wp-json\/wp\/v2\/product_cat?post=13066"},{"taxonomy":"product_tag","embeddable":true,"href":"https:\/\/misslanguages.com\/es\/wp-json\/wp\/v2\/product_tag?post=13066"}],"curies":[{"name":"wp","href":"https:\/\/api.w.org\/{rel}","templated":true}]}}