{"id":13052,"date":"2025-07-24T09:54:38","date_gmt":"2025-07-24T09:54:38","guid":{"rendered":"https:\/\/misslanguages.com\/product\/permiso-de-formacion-para-curso-intensivo-de-25-h\/"},"modified":"2026-01-20T07:23:49","modified_gmt":"2026-01-20T07:23:49","slug":"permiso-de-formacion-para-curso-intensivo-de-25-h","status":"publish","type":"product","link":"https:\/\/misslanguages.com\/es\/producto\/permiso-de-formacion-para-curso-intensivo-de-25-h\/","title":{"rendered":"Permiso de formaci\u00f3n para curso intensivo de 25 h"},"content":{"rendered":"<p>Bildungsurlaub en Miss Languages \u2013 Aprende espa\u00f1ol en Marbella<\/p>\n<p>Vive una inmersi\u00f3n ling\u00fc\u00edstica completa en la soleada costa sur de Espa\u00f1a y mejora tu espa\u00f1ol de forma intensiva. Nuestro programa Bildungsurlaub est\u00e1 reconocido oficialmente en la mayor\u00eda de los estados federados alemanes y cumple con los requisitos para el desarrollo profesional.<\/p>\n<p>El curso incluye:<\/p>\n<p>4,5 horas de clase al d\u00eda, de lunes a viernes<\/p>\n<p>Profesores nativos cualificados y grupos peque\u00f1os<\/p>\n<p>Clases comunicativas y din\u00e1micas, adaptadas a todos los niveles<\/p>\n<p>Contenido: gram\u00e1tica, expresi\u00f3n oral, expresi\u00f3n escrita, comprensi\u00f3n lectora, comprensi\u00f3n auditiva y pr\u00e1ctica activa del idioma<\/p>\n<p>Certificado oficial de asistencia al finalizar el curso<\/p>\n<p>Y todo esto en un entorno privilegiado con sol, mar y una escuela de idiomas familiar en el coraz\u00f3n de Marbella.<\/p>\n<p>Precio:<br \/>\n\ud83d\udcb6 350 \u20ac por semana<br \/>\n\ud83d\udcb6 +325 \u20ac por cada semana adicional<\/p>\n<p>\u00a1Ponte en contacto con nosotros para averiguar si tu estado federado reconoce nuestro curso como Bildungsurlaub y comienza tu aventura ling\u00fc\u00edstica en Espa\u00f1a!<\/p>\n","protected":false},"excerpt":{"rendered":"<p>350 \u20ac\/semana (4,5 horas\/d\u00eda, de lunes a viernes)<br \/>\n+325 \u20ac\/semana adicional<br \/>\nCurso intensivo de espa\u00f1ol en Marbella, reconocido como permiso de formaci\u00f3n. Gram\u00e1tica, expresi\u00f3n oral y escrita, comprensi\u00f3n auditiva y lectora, y pr\u00e1ctica activa del idioma.<\/p>\n","protected":false},"featured_media":12845,"comment_status":"open","ping_status":"closed","template":"","meta":[],"product_brand":[],"product_cat":[337],"product_tag":[],"class_list":{"0":"post-13052","1":"product","2":"type-product","3":"status-publish","4":"has-post-thumbnail","6":"product_cat-bildungsurlaub","8":"first","9":"instock","10":"shipping-taxable","11":"purchasable","12":"product-type-simple"},"_links":{"self":[{"href":"https:\/\/misslanguages.com\/es\/wp-json\/wp\/v2\/product\/13052","targetHints":{"allow":["GET"]}}],"collection":[{"href":"https:\/\/misslanguages.com\/es\/wp-json\/wp\/v2\/product"}],"about":[{"href":"https:\/\/misslanguages.com\/es\/wp-json\/wp\/v2\/types\/product"}],"replies":[{"embeddable":true,"href":"https:\/\/misslanguages.com\/es\/wp-json\/wp\/v2\/comments?post=13052"}],"wp:featuredmedia":[{"embeddable":true,"href":"https:\/\/misslanguages.com\/es\/wp-json\/wp\/v2\/media\/12845"}],"wp:attachment":[{"href":"https:\/\/misslanguages.com\/es\/wp-json\/wp\/v2\/media?parent=13052"}],"wp:term":[{"taxonomy":"product_brand","embeddable":true,"href":"https:\/\/misslanguages.com\/es\/wp-json\/wp\/v2\/product_brand?post=13052"},{"taxonomy":"product_cat","embeddable":true,"href":"https:\/\/misslanguages.com\/es\/wp-json\/wp\/v2\/product_cat?post=13052"},{"taxonomy":"product_tag","embeddable":true,"href":"https:\/\/misslanguages.com\/es\/wp-json\/wp\/v2\/product_tag?post=13052"}],"curies":[{"name":"wp","href":"https:\/\/api.w.org\/{rel}","templated":true}]}}