{"id":13048,"date":"2025-08-18T11:19:14","date_gmt":"2025-08-18T11:19:14","guid":{"rendered":"https:\/\/misslanguages.com\/product\/curso-intensivo-de-20-horas-1-semana\/"},"modified":"2026-01-20T07:21:10","modified_gmt":"2026-01-20T07:21:10","slug":"curso-intensivo-de-20-horas-1-semana","status":"publish","type":"product","link":"https:\/\/misslanguages.com\/es\/producto\/curso-intensivo-de-20-horas-1-semana\/","title":{"rendered":"Curso intensivo de 20 horas \/ 1 semana"},"content":{"rendered":"<p>Curso intensivo de espa\u00f1ol de 20 horas distribuidas en 1 semana. Clases en grupos peque\u00f1os de m\u00e1ximo 6 estudiantes. Ideal para un aprendizaje intensivo en Marbella, M\u00e1laga. Todos los niveles disponibles, desde principiante hasta avanzado. Incluye material did\u00e1ctico completo (libro de texto y libro de ejercicios). Horario: 20 horas por semana. Duraci\u00f3n de la clase: 55 minutos + 5 minutos de descanso. Comienzo todos los lunes.<\/p>\n","protected":false},"excerpt":{"rendered":"<p>Curso intensivo de espa\u00f1ol de 20 horas distribuidas en 1 semana. Clases en grupos peque\u00f1os de m\u00e1ximo 6 estudiantes. Ideal<\/p>\n","protected":false},"featured_media":12462,"comment_status":"open","ping_status":"closed","template":"","meta":[],"product_brand":[],"product_cat":[336],"product_tag":[],"class_list":{"0":"post-13048","1":"product","2":"type-product","3":"status-publish","4":"has-post-thumbnail","6":"product_cat-curso-intensivo-de-20-horas","8":"first","9":"instock","10":"shipping-taxable","11":"purchasable","12":"product-type-simple"},"_links":{"self":[{"href":"https:\/\/misslanguages.com\/es\/wp-json\/wp\/v2\/product\/13048","targetHints":{"allow":["GET"]}}],"collection":[{"href":"https:\/\/misslanguages.com\/es\/wp-json\/wp\/v2\/product"}],"about":[{"href":"https:\/\/misslanguages.com\/es\/wp-json\/wp\/v2\/types\/product"}],"replies":[{"embeddable":true,"href":"https:\/\/misslanguages.com\/es\/wp-json\/wp\/v2\/comments?post=13048"}],"wp:featuredmedia":[{"embeddable":true,"href":"https:\/\/misslanguages.com\/es\/wp-json\/wp\/v2\/media\/12462"}],"wp:attachment":[{"href":"https:\/\/misslanguages.com\/es\/wp-json\/wp\/v2\/media?parent=13048"}],"wp:term":[{"taxonomy":"product_brand","embeddable":true,"href":"https:\/\/misslanguages.com\/es\/wp-json\/wp\/v2\/product_brand?post=13048"},{"taxonomy":"product_cat","embeddable":true,"href":"https:\/\/misslanguages.com\/es\/wp-json\/wp\/v2\/product_cat?post=13048"},{"taxonomy":"product_tag","embeddable":true,"href":"https:\/\/misslanguages.com\/es\/wp-json\/wp\/v2\/product_tag?post=13048"}],"curies":[{"name":"wp","href":"https:\/\/api.w.org\/{rel}","templated":true}]}}