{"id":13044,"date":"2024-09-30T18:18:01","date_gmt":"2024-09-30T18:18:01","guid":{"rendered":"https:\/\/misslanguages.com\/product\/curso-intensivo-de-10-horas-1-semana\/"},"modified":"2026-01-19T15:40:18","modified_gmt":"2026-01-19T15:40:18","slug":"curso-intensivo-de-10-horas-1-semana","status":"publish","type":"product","link":"https:\/\/misslanguages.com\/es\/producto\/curso-intensivo-de-10-horas-1-semana\/","title":{"rendered":"Curso intensivo de 10 horas \/ 1 semana"},"content":{"rendered":"<p>Curso intensivo de espa\u00f1ol de 10 horas distribuidas en 1 semana. Clases en grupos peque\u00f1os de m\u00e1ximo 6 estudiantes. Perfecto para aprender espa\u00f1ol de forma intensiva en Marbella, M\u00e1laga. Todos los niveles disponibles, desde principiante hasta avanzado. Incluye materiales did\u00e1cticos (libro de texto y libro de ejercicios). Horario: 10 horas por semana. Duraci\u00f3n de la clase: 55 minutos + 5 minutos de descanso. Comienzo todos los lunes.<\/p>\n","protected":false},"excerpt":{"rendered":"<p>Curso intensivo de espa\u00f1ol de 10 horas distribuidas en 1 semana. Clases en grupos peque\u00f1os de m\u00e1ximo 6 estudiantes. Perfecto<\/p>\n","protected":false},"featured_media":12389,"comment_status":"open","ping_status":"closed","template":"","meta":[],"product_brand":[],"product_cat":[319],"product_tag":[],"class_list":{"0":"post-13044","1":"product","2":"type-product","3":"status-publish","4":"has-post-thumbnail","6":"product_cat-uncategorized","8":"first","9":"instock","10":"sale","11":"shipping-taxable","12":"purchasable","13":"product-type-simple"},"_links":{"self":[{"href":"https:\/\/misslanguages.com\/es\/wp-json\/wp\/v2\/product\/13044","targetHints":{"allow":["GET"]}}],"collection":[{"href":"https:\/\/misslanguages.com\/es\/wp-json\/wp\/v2\/product"}],"about":[{"href":"https:\/\/misslanguages.com\/es\/wp-json\/wp\/v2\/types\/product"}],"replies":[{"embeddable":true,"href":"https:\/\/misslanguages.com\/es\/wp-json\/wp\/v2\/comments?post=13044"}],"wp:featuredmedia":[{"embeddable":true,"href":"https:\/\/misslanguages.com\/es\/wp-json\/wp\/v2\/media\/12389"}],"wp:attachment":[{"href":"https:\/\/misslanguages.com\/es\/wp-json\/wp\/v2\/media?parent=13044"}],"wp:term":[{"taxonomy":"product_brand","embeddable":true,"href":"https:\/\/misslanguages.com\/es\/wp-json\/wp\/v2\/product_brand?post=13044"},{"taxonomy":"product_cat","embeddable":true,"href":"https:\/\/misslanguages.com\/es\/wp-json\/wp\/v2\/product_cat?post=13044"},{"taxonomy":"product_tag","embeddable":true,"href":"https:\/\/misslanguages.com\/es\/wp-json\/wp\/v2\/product_tag?post=13044"}],"curies":[{"name":"wp","href":"https:\/\/api.w.org\/{rel}","templated":true}]}}