{"id":12919,"date":"2025-09-17T05:50:55","date_gmt":"2025-09-17T05:50:55","guid":{"rendered":"https:\/\/misslanguages.com\/accesibilidad\/"},"modified":"2025-09-17T05:50:55","modified_gmt":"2025-09-17T05:50:55","slug":"accesibilidad","status":"publish","type":"page","link":"https:\/\/misslanguages.com\/es\/accesibilidad\/","title":{"rendered":"Accesibilidad"},"content":{"rendered":"<h2>Compromiso con la accesibilidad<\/h2>\n<p>Maribel Ortiz Alfonseca (\u00abnosotros\u00bb, \u00abnuestro\u00bb o \u00abnos\u00bb) se compromete a garantizar la accesibilidad digital para las personas con discapacidad. Mejoramos continuamente la experiencia del usuario para todos y aplicamos los est\u00e1ndares de accesibilidad pertinentes.<\/p>\n<h2>Medidas para apoyar la accesibilidad<\/h2>\n<p>Tomamos las siguientes medidas para garantizar la accesibilidad:<\/p>\n<ul>\n<li>Integrar la accesibilidad en nuestras pol\u00edticas internas.<\/li>\n<li>Proporcionar formaci\u00f3n continua sobre accesibilidad a nuestro personal.<\/li>\n<li>Realizar evaluaciones peri\u00f3dicas de la accesibilidad de nuestro sitio web.<\/li>\n<li>Implementar las mejores pr\u00e1cticas para mantener el cumplimiento de los est\u00e1ndares de accesibilidad.<\/li>\n<\/ul>\n<h2>Estado de conformidad<\/h2>\n<p>Este sitio web cumple parcialmente con las <strong>Directrices de Accesibilidad para el Contenido Web (WCAG) 2.1<\/strong> de nivel AA. Trabajamos constantemente para mejorar la accesibilidad y el cumplimiento de nuestro sitio web.<\/p>\n<h2>Comentarios e informaci\u00f3n de contacto<\/h2>\n<p>Agradecemos sus comentarios sobre la accesibilidad de nuestro sitio web. Si encuentra barreras de accesibilidad, p\u00f3ngase en contacto con nosotros en:<\/p>\n<ul>\n<li><strong>Correo electr\u00f3nico:<\/strong> <a href=\"mailto:maribel@marbellaspanish.com\">maribel@marbellaspanish.com<\/a><\/li>\n<li><strong>Tel\u00e9fono:<\/strong> +34 951 43 45 46<\/li>\n<li><strong>Direcci\u00f3n postal:<\/strong> c\/ Notario Luis Oliver 6, edif. Liceo 3\u00ba a, M\u00e1laga (ES), 29602, Marbella, Espa\u00f1a<\/li>\n<\/ul>\n<p>Intentamos responder a los comentarios en un plazo de 2 d\u00edas h\u00e1biles.<\/p>\n<h2>Especificaciones t\u00e9cnicas<\/h2>\n<p>Este sitio web se basa en las siguientes tecnolog\u00edas para funcionar con la combinaci\u00f3n particular de navegador web y cualquier tecnolog\u00eda de asistencia o plugin instalado en su ordenador:<\/p>\n<ul>\n<li>HTML<\/li>\n<li>CSS<\/li>\n<li>JavaScript<\/li>\n<\/ul>\n<p>Se conf\u00eda en estas tecnolog\u00edas para el cumplimiento de los est\u00e1ndares de accesibilidad utilizados.<\/p>\n<h2>Limitaciones y alternativas<\/h2>\n<p>A pesar de nuestros mejores esfuerzos para garantizar la accesibilidad, es posible que algunos contenidos a\u00fan no est\u00e9n totalmente adaptados a los est\u00e1ndares de accesibilidad m\u00e1s estrictos. En tales casos, p\u00f3ngase en contacto con nosotros y trabajaremos con usted para proporcionarle medios de acceso alternativos.<\/p>\n<h2>Enfoque de evaluaci\u00f3n<\/h2>\n<p>Maribel Ortiz Alfonseca ha evaluado la accesibilidad de este sitio web a trav\u00e9s de:<\/p>\n<ul>\n<li>Autoevaluaci\u00f3n<\/li>\n<li>Pruebas peri\u00f3dicas y auditor\u00eda de las funciones de accesibilidad<\/li>\n<\/ul>\n<h2>Fecha de publicaci\u00f3n<\/h2>\n<p>Esta declaraci\u00f3n de accesibilidad se actualiz\u00f3 por \u00faltima vez en <strong>mayo de 2025<\/strong>.<\/p>\n<p>Estamos comprometidos con las mejoras continuas para mejorar la accesibilidad para todos los usuarios.<\/p>\n","protected":false},"excerpt":{"rendered":"<p>Compromiso con la accesibilidad Maribel Ortiz Alfonseca (\u00abnosotros\u00bb, \u00abnuestro\u00bb o \u00abnos\u00bb) se compromete a garantizar la accesibilidad digital para las<\/p>\n","protected":false},"author":3,"featured_media":0,"parent":0,"menu_order":0,"comment_status":"closed","ping_status":"closed","template":"","meta":{"footnotes":""},"class_list":["post-12919","page","type-page","status-publish","hentry"],"_links":{"self":[{"href":"https:\/\/misslanguages.com\/es\/wp-json\/wp\/v2\/pages\/12919","targetHints":{"allow":["GET"]}}],"collection":[{"href":"https:\/\/misslanguages.com\/es\/wp-json\/wp\/v2\/pages"}],"about":[{"href":"https:\/\/misslanguages.com\/es\/wp-json\/wp\/v2\/types\/page"}],"author":[{"embeddable":true,"href":"https:\/\/misslanguages.com\/es\/wp-json\/wp\/v2\/users\/3"}],"replies":[{"embeddable":true,"href":"https:\/\/misslanguages.com\/es\/wp-json\/wp\/v2\/comments?post=12919"}],"version-history":[{"count":0,"href":"https:\/\/misslanguages.com\/es\/wp-json\/wp\/v2\/pages\/12919\/revisions"}],"wp:attachment":[{"href":"https:\/\/misslanguages.com\/es\/wp-json\/wp\/v2\/media?parent=12919"}],"curies":[{"name":"wp","href":"https:\/\/api.w.org\/{rel}","templated":true}]}}