{"id":12205,"date":"2019-01-11T16:25:08","date_gmt":"2019-01-11T16:25:08","guid":{"rendered":"https:\/\/misslanguages.com\/privacy-policy\/"},"modified":"2022-05-30T11:45:57","modified_gmt":"2022-05-30T11:45:57","slug":"privacy-policy","status":"publish","type":"page","link":"https:\/\/misslanguages.com\/es\/privacy-policy\/","title":{"rendered":"Pol\u00edtica de privacidad"},"content":{"rendered":"\r\n<h2 class=\"wp-block-heading\">Quienes somos<\/h2>\r\n<p>La direcci\u00f3n de nuestro sitio web es: https:\/\/misslanguages.com.<\/p>\r\n<h3>Qu\u00e9 datos personales recopilamos y por qu\u00e9 los recopilamos<\/h3>\r\n<p>MAR\u00cdA ISABEL ORTIZ ALFONSECA es una profesional comprometida no s\u00f3lo con ofrecer a sus clientes la m\u00e1xima calidad de los servicios de los que dispone, sino tambi\u00e9n con el cumplimiento escrupuloso de la legislaci\u00f3n vigente en materia de privacidad e Internet.<\/p>\r\n<p>Es por ello que, a trav\u00e9s del presente aviso, el prestador de servicios de la sociedad de la informaci\u00f3n, facilita los datos que est\u00e1 obligado a poner a disposici\u00f3n de los consumidores y usuarios, de conformidad con lo dispuesto en el art. 10 de la Ley 34\/2002, de 11 de julio, de servicios de la sociedad de la informaci\u00f3n y de comercio electr\u00f3nico y del Reglamento Europeo de Protecci\u00f3n de Datos de Car\u00e1cter Personal. Y todo en los siguientes t\u00e9rminos:<\/p>\r\n<p>1\u00ba. Esta web es propiedad de MAR\u00cdA ISABEL ORTIZ ALFONSECA, con CIF 27333949J, domicilio en C\/ Notario Luis Oliver, n\u00ba 6, escalera 3, puerta A, 29602-Marbella (M\u00e1laga) y con correo electr\u00f3nico maribel@marbellaspanish.com<\/p>\r\n<p><br \/>2\u00ba. Todas las marcas, logotipos, nombres comerciales, signos distintivos, servicios, contenidos, videos, textos, fotograf\u00edas, gr\u00e1ficos, im\u00e1genes, software, links y la informaci\u00f3n de cualquier clase que aparecen en este sitio web son tambi\u00e9n propiedad de MAR\u00cdA ISABEL ORTIZ ALFONSECA, por lo que puede no ser reproducidos, distribuidos, comunicados p\u00fablicamente, transformados o modificados sin su autorizaci\u00f3n expresa y por escrito.<\/p>\r\n<p>MAR\u00cdA ISABEL ORTIZ ALFONSECA se reserva expresamente los derechos de reproducci\u00f3n, modificaci\u00f3n, adaptaci\u00f3n, comunicaci\u00f3n p\u00fablica, mantenimiento, correcci\u00f3n de errores, cesi\u00f3n, venta, alquiler, pr\u00e9stamo y cualquier otro derecho de propiedad intelectual o industrial sobre los contenidos de la web, prohibiendo el ejercicio de los anteriores derechos sin su autorizaci\u00f3n expresa.<\/p>\r\n<p>El establecimiento de un v\u00ednculo o enlace a otra p\u00e1gina o sitio en Internet, no implica en ning\u00fan caso la aceptaci\u00f3n y aprobaci\u00f3n por parte de MAR\u00cdA ISABEL ORTIZ ALFONSECA de sus contenidos o servicios, y por tanto no asume responsabilidad alguna por los mismos.<\/p>\r\n<p>Cualquiera que se proponga establecer un enlace o enlace en este sitio web deber\u00e1 solicitar previamente el consentimiento de su titular, reserv\u00e1ndose el derecho a reclamar los da\u00f1os y perjuicios que pudiera ocasionar el establecimiento de dicho enlace o enlace sin la necesaria autorizaci\u00f3n.<\/p>\r\n<p>3\u00ba. Pol\u00edtica de Privacidad: MAR\u00cdA ISABEL ORTIZ ALFONSECA ha procedido a adaptarse a la normativa vigente de protecci\u00f3n de datos de car\u00e1cter personal, adaptando todas las medidas de \u00edndole t\u00e9cnica y organizativa necesarias para garantizar la seguridad de los datos personales de sus clientes y usuarios, y evitar su alteraci\u00f3n. p\u00e9rdida, tratamiento o acceso no autorizado.<\/p>\r\n<p>Los datos personales que puedan ser recabados a trav\u00e9s de este sitio web, ser\u00e1n tratados de manera leal y l\u00edcita de conformidad con los principios y derechos recogidos en la legislaci\u00f3n sobre Protecci\u00f3n de Datos de Car\u00e1cter Personal.<\/p>\r\n<p>Estos datos podr\u00e1n ser incorporados a ficheros debidamente inscritos en la Agencia Espa\u00f1ola de Protecci\u00f3n de Datos, que son responsabilidad de MAR\u00cdA ISABEL ORTIZ ALFONSECA, con las finalidades espec\u00edficas que se derivan del correcto cumplimiento de los servicios solicitados, y para el env\u00edo de comunicaciones (incluyendo PUBLICITARIAS) que puedan ser de su inter\u00e9s y siempre relacionados con los servicios de MAR\u00cdA ISABEL ORTIZ ALFONSECA.<\/p>\r\n<p>Sus datos no pueden ser cedidos a terceros sin su consentimiento, con las excepciones establecidas en la Ley y con excepci\u00f3n de nuestros encargados de tratamiento.<\/p>\r\n<p>Los usuarios del sitio web podr\u00e1n ejercer sus derechos de acceso, rectificaci\u00f3n, supresi\u00f3n y otros en relaci\u00f3n con sus datos, ante MAR\u00cdA ISABEL ORTIZ ALFONSECA mediante correo electr\u00f3nico, carta o personalmente en la direcci\u00f3n indicada al principio.<\/p>\r\n<p>Resumen de la pol\u00edtica de privacidad:<\/p>\r\n<p>INFORMACI\u00d3N B\u00c1SICA SOBRE PROTECCI\u00d3N DE DATOS<\/p>\r\n<p>Titular de MAR\u00cdA ISABEL ORTIZ ALFONSECA<br \/>Finalidad Tratamiento de sus datos para prestarle servicios, atender sus consultas, facturarle y\/o enviarle comunicaciones comerciales (publicidad).<\/p>\r\n<p>Legitimaci\u00f3n Contrato de prestaci\u00f3n de servicios y consentimiento del interesado.<br \/>Destinatarios Supuestos exigidos por la ley y encargados del tratamiento.<br \/>Derechos Acceder, rectificar y suprimir los datos, as\u00ed como otros derechos, tal y como se explica en la informaci\u00f3n adicional.<br \/>Informaci\u00f3n adicional Ver en texto adjunto<\/p>\r\n<p>INFORMACI\u00d3N ADICIONAL SOBRE PROTECCI\u00d3N DE DATOS:<\/p>\r\n<p>1\u00ba. \u00bfQui\u00e9n es el responsable del tratamiento de sus datos?<\/p>\r\n<p>Identidad: MAR\u00cdA ISABEL ORTIZ ALFONSECA-CIF: 27333949J.<br \/>Direcci\u00f3n postal: C\/ Notario Luis Oliver, n\u00ba 6, escalera 3, puerta A, 29602-Marbella (M\u00e1laga).<br \/>Tel\u00e9fono: 682 348 583<br \/>Correo electr\u00f3nico: maribel@marbellaspanish.com<\/p>\r\n<p>2\u00ba. \u00bfCon qu\u00e9 finalidad se tratan sus datos personales?<\/p>\r\n<p><br \/>Sus datos ser\u00e1n tratados con la finalidad de prestarle servicios relacionados con nuestra actividad, atender sus consultas, facturarle y tambi\u00e9n remitirle comunicaciones de car\u00e1cter publicitario sobre la misma materia.<\/p>\r\n<p>Los datos que se tratan son obligatorios y deben facilitarse en todo caso, de lo contrario, no se podr\u00eda prestar el servicio ni cumplir con las dem\u00e1s finalidades expresadas.<\/p>\r\n<p>3\u00ba. \u00bfCu\u00e1nto tiempo se conservar\u00e1n sus datos?<\/p>\r\n<p>Los datos personales proporcionados se conservar\u00e1n mientras se mantenga la relaci\u00f3n contractual o mientras no se solicite su supresi\u00f3n por el interesado. No obstante, sus datos permanecer\u00e1n bloqueados durante los plazos de prescripci\u00f3n correspondientes (cinco a\u00f1os, por la responsabilidad derivada del contrato de prestaci\u00f3n de servicios profesionales), en caso de existir alguna responsabilidad por nuestra parte.<\/p>\r\n<p>4.\u00ba \u00bfCu\u00e1l es la legitimaci\u00f3n para el tratamiento de sus datos?<\/p>\r\n<p>La base legal para el tratamiento de sus datos es la ejecuci\u00f3n del contrato de prestaci\u00f3n de servicios.<\/p>\r\n<p>El env\u00edo de comunicaciones comerciales que pueda realizar el encargado del tratamiento, est\u00e1 basado en su consentimiento, que ha sido prestado de forma expresa y libre.<\/p>\r\n<p>Su consentimiento puede ser revocado en cualquier momento, y para que sea efectivo, deber\u00e1 notificarnos expresamente dicha revocaci\u00f3n.<\/p>\r\n<p>5.\u00ba \u00bfA qu\u00e9 destinatarios se comunicar\u00e1n sus datos?<\/p>\r\n<p>Los datos ser\u00e1n comunicados -por imperativo legal- a las Administraciones P\u00fablicas con competencia en la materia, y a nuestros encargados de tratamiento (si desea m\u00e1s informaci\u00f3n sobre su identidad, nos la puede solicitar).<\/p>\r\n<p>6\u00ba.\u00bfCu\u00e1les son sus derechos al facilitar sus datos?<\/p>\r\n<p>Tus derechos est\u00e1n regulados por el Reglamento General de Protecci\u00f3n de Datos Europeo, es decir:<\/p>\r\n<p>\u2013 Derecho de acceso o rectificaci\u00f3n de sus datos, su supresi\u00f3n, oposici\u00f3n y limitaci\u00f3n de su tratamiento, y su portabilidad.<br \/>\u2013 Derecho a revocar su consentimiento cuando se haya otorgado para una finalidad espec\u00edfica.<br \/>\u2013 Estos derechos pueden ser ejercitados por carta certificada, correo electr\u00f3nico o personalmente y por escrito en nuestra sede, solicit\u00e1ndonos previamente si lo desea un formulario a tal efecto.<br \/>\u2013 Tambi\u00e9n tiene derecho a reclamar ante la Autoridad de Control cuando no haya obtenido satisfacci\u00f3n en el ejercicio de sus derechos, presentando una solicitud por escrito a trav\u00e9s del Registro (f\u00edsico o electr\u00f3nico) de la misma.<br \/>\u2013 Si desea ampliar informaci\u00f3n sobre en qu\u00e9 consiste cada uno de sus derechos, puede solicitarlo por cualquier medio.<\/p>\r\n<p>7. \u00bfCu\u00e1l es el origen de sus datos?<\/p>\r\n<p>Tus datos han sido recibidos:<\/p>\r\n<p>\u2013 Porque nos los ha facilitado directamente.<\/p>\r\n<p>Los datos que se tratan pueden consistir en nombres, apellidos, documento identificativo, tel\u00e9fonos, correos electr\u00f3nicos, direcciones postales, datos bancarios.<\/p>\r\n","protected":false},"excerpt":{"rendered":"<p>Quienes somos La direcci\u00f3n de nuestro sitio web es: https:\/\/misslanguages.com. Qu\u00e9 datos personales recopilamos y por qu\u00e9 los recopilamos MAR\u00cdA<\/p>\n","protected":false},"author":4,"featured_media":0,"parent":0,"menu_order":0,"comment_status":"closed","ping_status":"closed","template":"","meta":{"footnotes":""},"class_list":["post-12205","page","type-page","status-publish","hentry"],"_links":{"self":[{"href":"https:\/\/misslanguages.com\/es\/wp-json\/wp\/v2\/pages\/12205","targetHints":{"allow":["GET"]}}],"collection":[{"href":"https:\/\/misslanguages.com\/es\/wp-json\/wp\/v2\/pages"}],"about":[{"href":"https:\/\/misslanguages.com\/es\/wp-json\/wp\/v2\/types\/page"}],"author":[{"embeddable":true,"href":"https:\/\/misslanguages.com\/es\/wp-json\/wp\/v2\/users\/4"}],"replies":[{"embeddable":true,"href":"https:\/\/misslanguages.com\/es\/wp-json\/wp\/v2\/comments?post=12205"}],"version-history":[{"count":2,"href":"https:\/\/misslanguages.com\/es\/wp-json\/wp\/v2\/pages\/12205\/revisions"}],"predecessor-version":[{"id":12207,"href":"https:\/\/misslanguages.com\/es\/wp-json\/wp\/v2\/pages\/12205\/revisions\/12207"}],"wp:attachment":[{"href":"https:\/\/misslanguages.com\/es\/wp-json\/wp\/v2\/media?parent=12205"}],"curies":[{"name":"wp","href":"https:\/\/api.w.org\/{rel}","templated":true}]}}