{"id":12085,"date":"2019-02-18T21:41:56","date_gmt":"2019-02-18T21:41:56","guid":{"rendered":"https:\/\/misslanguages.com\/summer-spanish-language-course\/"},"modified":"2020-02-21T09:57:42","modified_gmt":"2020-02-21T09:57:42","slug":"summer-spanish-language-course","status":"publish","type":"page","link":"https:\/\/misslanguages.com\/es\/summer-spanish-language-course\/","title":{"rendered":"Curso de verano de espa\u00f1ol"},"content":{"rendered":"<p><div class=\"fusion-fullwidth fullwidth-box fusion-builder-row-1 fusion-flex-container fusion-parallax-none nonhundred-percent-fullwidth non-hundred-percent-height-scrolling\" style=\"--awb-border-radius-top-left:0px;--awb-border-radius-top-right:0px;--awb-border-radius-bottom-right:0px;--awb-border-radius-bottom-left:0px;--awb-padding-top:8%;--awb-padding-bottom:10%;--awb-background-image:url(&quot;https:\/\/misslanguages.com\/wp-content\/uploads\/2019\/01\/spanish-english-lessons-marbella-learn-languages-marbella-1.jpg&quot;);--awb-background-size:cover;--awb-flex-wrap:wrap;\" ><div class=\"fusion-builder-row fusion-row fusion-flex-align-items-flex-start fusion-flex-content-wrap\" style=\"max-width:calc( 1300px + 0px );margin-left: calc(-0px \/ 2 );margin-right: calc(-0px \/ 2 );\"><div class=\"fusion-layout-column fusion_builder_column fusion-builder-column-0 fusion_builder_column_1_1 1_1 fusion-flex-column fusion-animated\" style=\"--awb-bg-size:cover;--awb-width-large:100%;--awb-margin-top-large:0px;--awb-spacing-right-large:0px;--awb-margin-bottom-large:20px;--awb-spacing-left-large:0px;--awb-width-medium:100%;--awb-spacing-right-medium:0px;--awb-spacing-left-medium:0px;--awb-width-small:100%;--awb-spacing-right-small:0px;--awb-spacing-left-small:0px;\" data-animationType=\"fadeInDown\" data-animationDuration=\"0.6\" data-animationOffset=\"top-into-view\"><div class=\"fusion-column-wrapper fusion-flex-justify-content-flex-start fusion-content-layout-column\"><div class=\"fusion-title title fusion-title-1 fusion-sep-none fusion-title-center fusion-title-text fusion-title-size-two\" style=\"--awb-margin-bottom:0px;\"><h2 class=\"fusion-title-heading title-heading-center fusion-responsive-typography-calculated\" style=\"margin:0;--fontSize:40;line-height:1.2;\"><p style=\"text-align: center;\"><span style=\"color: #ffffff;\">Curso de verano de espa\u00f1ol<\/span><\/p><\/h2><\/div><div class=\"fusion-title title fusion-title-2 fusion-sep-none fusion-title-center fusion-title-text fusion-title-size-six\" style=\"--awb-margin-bottom:15px;\"><h6 class=\"fusion-title-heading title-heading-center fusion-responsive-typography-calculated\" style=\"margin:0;--fontSize:16;--minFontSize:16;line-height:1.5;\"><p style=\"text-align: center;\"><span style=\"color: #ffffff;\">APRENDE ESPA\u00d1OL EN MARBELLA &#8211; ESCUELA DE IDIOMAS<\/span><\/p><\/h6><\/div><\/div><\/div><\/div><\/div><div class=\"fusion-fullwidth fullwidth-box fusion-builder-row-2 fusion-flex-container nonhundred-percent-fullwidth non-hundred-percent-height-scrolling\" style=\"--awb-border-radius-top-left:0px;--awb-border-radius-top-right:0px;--awb-border-radius-bottom-right:0px;--awb-border-radius-bottom-left:0px;--awb-padding-top:7%;--awb-padding-bottom:2%;--awb-flex-wrap:wrap;\" ><div class=\"fusion-builder-row fusion-row fusion-flex-align-items-flex-start fusion-flex-content-wrap\" style=\"max-width:calc( 1300px + 0px );margin-left: calc(-0px \/ 2 );margin-right: calc(-0px \/ 2 );\"><div class=\"fusion-layout-column fusion_builder_column fusion-builder-column-1 fusion_builder_column_1_1 1_1 fusion-flex-column fusion-animated\" style=\"--awb-bg-size:cover;--awb-width-large:100%;--awb-margin-top-large:40px;--awb-spacing-right-large:0px;--awb-margin-bottom-large:0px;--awb-spacing-left-large:0px;--awb-width-medium:100%;--awb-spacing-right-medium:0px;--awb-spacing-left-medium:0px;--awb-width-small:100%;--awb-spacing-right-small:0px;--awb-spacing-left-small:0px;\" data-animationType=\"slideInLeft\" data-animationDuration=\"0.6\" data-animationOffset=\"top-into-view\"><div class=\"fusion-column-wrapper fusion-flex-justify-content-flex-start fusion-content-layout-column\"><div class=\"fusion-title title fusion-title-3 fusion-sep-none fusion-title-text fusion-title-size-two\"><h2 class=\"fusion-title-heading title-heading-left fusion-responsive-typography-calculated\" style=\"margin:0;--fontSize:40;line-height:1.2;\">CURSO DE VERANO DE LENGUA ESPA\u00d1OLA: APROVECHE AL M\u00c1XIMO SUS VACACIONES<\/h2><\/div><\/div><\/div><div class=\"fusion-layout-column fusion_builder_column fusion-builder-column-2 fusion_builder_column_1_1 1_1 fusion-flex-column\" style=\"--awb-bg-size:cover;--awb-width-large:100%;--awb-margin-top-large:0px;--awb-spacing-right-large:0px;--awb-margin-bottom-large:20px;--awb-spacing-left-large:0px;--awb-width-medium:100%;--awb-spacing-right-medium:0px;--awb-spacing-left-medium:0px;--awb-width-small:100%;--awb-spacing-right-small:0px;--awb-spacing-left-small:0px;\"><div class=\"fusion-column-wrapper fusion-flex-justify-content-flex-start fusion-content-layout-column\"><div class=\"fusion-text fusion-text-1\"><p>Marbella es uno de los destinos de vacaciones favoritos de los europeos. Su clima templado durante todo el a\u00f1o, su amplia gama de actividades deportivas y de ocio y el car\u00e1cter cosmopolita de esta ciudad, junto con sus ra\u00edces tradicionales andaluzas, hacen de Marbella el lugar ideal para tomar un curso de espa\u00f1ol.<br \/>\nMISS ofrece una variedad de cursos intensivos que asegurar\u00e1n que puedas hablar espa\u00f1ol y pasar el rato con los lugare\u00f1os y otros estudiantes internacionales desde el principio.<\/p>\n<p><img decoding=\"async\" class=\"alignnone size-full wp-image-11009\" src=\"https:\/\/misslanguages.com\/wp-content\/uploads\/2017\/12\/summer-spanish-courses-marbella-spanish-classes.jpg\" alt=\"summer spanish courses marbella marbella spanish classes\" width=\"1500\" height=\"260\" srcset=\"https:\/\/misslanguages.com\/wp-content\/uploads\/2017\/12\/summer-spanish-courses-marbella-spanish-classes-200x35.jpg 200w, https:\/\/misslanguages.com\/wp-content\/uploads\/2017\/12\/summer-spanish-courses-marbella-spanish-classes-300x52.jpg 300w, https:\/\/misslanguages.com\/wp-content\/uploads\/2017\/12\/summer-spanish-courses-marbella-spanish-classes-400x69.jpg 400w, https:\/\/misslanguages.com\/wp-content\/uploads\/2017\/12\/summer-spanish-courses-marbella-spanish-classes-500x87.jpg 500w, https:\/\/misslanguages.com\/wp-content\/uploads\/2017\/12\/summer-spanish-courses-marbella-spanish-classes-600x104.jpg 600w, https:\/\/misslanguages.com\/wp-content\/uploads\/2017\/12\/summer-spanish-courses-marbella-spanish-classes-700x121.jpg 700w, https:\/\/misslanguages.com\/wp-content\/uploads\/2017\/12\/summer-spanish-courses-marbella-spanish-classes-768x133.jpg 768w, https:\/\/misslanguages.com\/wp-content\/uploads\/2017\/12\/summer-spanish-courses-marbella-spanish-classes-800x139.jpg 800w, https:\/\/misslanguages.com\/wp-content\/uploads\/2017\/12\/summer-spanish-courses-marbella-spanish-classes-1024x177.jpg 1024w, https:\/\/misslanguages.com\/wp-content\/uploads\/2017\/12\/summer-spanish-courses-marbella-spanish-classes-1200x208.jpg 1200w, https:\/\/misslanguages.com\/wp-content\/uploads\/2017\/12\/summer-spanish-courses-marbella-spanish-classes.jpg 1500w\" sizes=\"(max-width: 1500px) 100vw, 1500px\" \/><\/p>\n<p>\u00a1Aproveche algunas de las actividades que la escuela organiza los fines de semana para darle m\u00e1s sabor a su programa de verano!<br \/>\nNuestras familias anfitrionas han sido cuidadosamente seleccionadas para garantizar que nuestros estudiantes invitados se sientan como en casa y al mismo tiempo se beneficien de esta oportunidad especial para practicar su espa\u00f1ol y seguir aprendiendo m\u00e1s en un entorno familiar natural.<br \/>\nSi prefiere alquilar un apartamento, le haremos saber qu\u00e9 hay disponible y le enviaremos los detalles.<\/p>\n<\/div><div class=\"fusion-title title fusion-title-4 fusion-sep-none fusion-title-text fusion-title-size-four\"><h4 class=\"fusion-title-heading title-heading-left fusion-responsive-typography-calculated\" style=\"margin:0;--fontSize:20;--minFontSize:20;line-height:1.5;\">DESCRIPCI\u00d3N DEL CURSO Y PRECIOS<\/h4><\/div>\n<div class=\"table-2\">\n<table width=\"100%\">\n<tbody>\n<tr>\n<th style=\"text-align: center;\">Fechas de inicio<\/th>\n<th style=\"text-align: center;\" colspan=\"2\">Junio<\/th>\n<\/tr>\n<tr>\n<td style=\"text-align: center;\">Duracion<\/td>\n<td style=\"text-align: center;\" colspan=\"2\">M\u00ednimo 3 semanas<\/td>\n<\/tr>\n<tr>\n<td style=\"text-align: center;\">Niveles<\/td>\n<td style=\"text-align: center;\" colspan=\"2\">Todos los niveles, desde principiantes hasta avanzados.<\/td>\n<\/tr>\n<tr>\n<td style=\"text-align: center;\">Aprendiendo materiales<\/td>\n<td style=\"text-align: center;\" colspan=\"2\">Libro de texto y libro de trabajo del alumno para el nivel apropiado requerido<\/td>\n<\/tr>\n<tr>\n<td style=\"text-align: center;\">Tasas de inscripci\u00f3n<\/td>\n<td style=\"text-align: center;\" colspan=\"2\">\u20ac70<\/td>\n<\/tr>\n<tr>\n<td style=\"text-align: center;\">Duraci\u00f3n de clase<\/td>\n<td style=\"text-align: center;\" colspan=\"2\">55 min. +5 min. break = 60 minute<\/td>\n<\/tr>\n<\/tbody>\n<\/table>\n<\/div>\n\n<div class=\"table-2\">\n<table width=\"100%\">\n<tbody>\n<tr>\n<th>Week \/ Lesson<\/th>\n<th>Accommodation. Host Family<\/th>\n<th>Price<\/th>\n<\/tr>\n<tr>\n<td style=\"width: 141px; text-align: center;\">3 weeks \/ 30 lessons<\/td>\n<td style=\"width: 141px; text-align: center;\">3 weeks, single room, half board.<\/td>\n<td style=\"width: 136px; text-align: center;\">\u20ac1200<\/td>\n<\/tr>\n<tr>\n<td style=\"width: 141px; text-align: center;\">4 weeks \/ 40 lessons<\/td>\n<td style=\"width: 141px; text-align: center;\">4 weeks,single room, half board.<\/td>\n<td style=\"width: 136px; text-align: center;\">\u20ac1600<\/td>\n<\/tr>\n<tr>\n<td style=\"width: 141px; text-align: center;\">3 weeks \/ 60 lessons<\/td>\n<td style=\"width: 141px; text-align: center;\">3 weeks, single room, half board.<\/td>\n<td style=\"width: 136px; text-align: center;\">\u20ac1290<\/td>\n<\/tr>\n<tr>\n<td style=\"width: 141px; text-align: center;\">4 weeks \/ 80 lessons<\/td>\n<td style=\"width: 141px; text-align: center;\">4 weeks,single room, half board.<\/td>\n<td style=\"width: 136px; text-align: center;\">\u20ac1600<\/td>\n<\/tr>\n<\/tbody>\n<\/table>\n<\/div>\n<\/div><\/div><\/div><\/div><\/p>\n","protected":false},"excerpt":{"rendered":"","protected":false},"author":4,"featured_media":0,"parent":0,"menu_order":0,"comment_status":"closed","ping_status":"closed","template":"100-width.php","meta":{"footnotes":""},"class_list":["post-12085","page","type-page","status-publish","hentry"],"_links":{"self":[{"href":"https:\/\/misslanguages.com\/es\/wp-json\/wp\/v2\/pages\/12085","targetHints":{"allow":["GET"]}}],"collection":[{"href":"https:\/\/misslanguages.com\/es\/wp-json\/wp\/v2\/pages"}],"about":[{"href":"https:\/\/misslanguages.com\/es\/wp-json\/wp\/v2\/types\/page"}],"author":[{"embeddable":true,"href":"https:\/\/misslanguages.com\/es\/wp-json\/wp\/v2\/users\/4"}],"replies":[{"embeddable":true,"href":"https:\/\/misslanguages.com\/es\/wp-json\/wp\/v2\/comments?post=12085"}],"version-history":[{"count":4,"href":"https:\/\/misslanguages.com\/es\/wp-json\/wp\/v2\/pages\/12085\/revisions"}],"predecessor-version":[{"id":12090,"href":"https:\/\/misslanguages.com\/es\/wp-json\/wp\/v2\/pages\/12085\/revisions\/12090"}],"wp:attachment":[{"href":"https:\/\/misslanguages.com\/es\/wp-json\/wp\/v2\/media?parent=12085"}],"curies":[{"name":"wp","href":"https:\/\/api.w.org\/{rel}","templated":true}]}}