{"id":12033,"date":"2019-02-18T21:24:36","date_gmt":"2019-02-18T21:24:36","guid":{"rendered":"https:\/\/misslanguages.com\/dele-preparation-course-get-the-best-results-with-your-diploma\/"},"modified":"2019-05-25T13:02:28","modified_gmt":"2019-05-25T13:02:28","slug":"dele-preparation-course-get-the-best-results-with-your-diploma","status":"publish","type":"page","link":"https:\/\/misslanguages.com\/es\/dele-preparation-course-get-the-best-results-with-your-diploma\/","title":{"rendered":"Curso de preparaci\u00f3n al DELE: Consigue tu diploma con los mejores resultados"},"content":{"rendered":"<p><div class=\"fusion-fullwidth fullwidth-box fusion-builder-row-1 fusion-flex-container fusion-parallax-none nonhundred-percent-fullwidth non-hundred-percent-height-scrolling\" style=\"--awb-border-radius-top-left:0px;--awb-border-radius-top-right:0px;--awb-border-radius-bottom-right:0px;--awb-border-radius-bottom-left:0px;--awb-padding-top:8%;--awb-padding-bottom:10%;--awb-background-image:url(&quot;https:\/\/misslanguages.com\/wp-content\/uploads\/2017\/11\/dele-preparation-spanish-courses-marbella-international-spanish-school.jpg&quot;);--awb-background-size:cover;--awb-flex-wrap:wrap;\" ><div class=\"fusion-builder-row fusion-row fusion-flex-align-items-flex-start fusion-flex-content-wrap\" style=\"max-width:calc( 1300px + 0px );margin-left: calc(-0px \/ 2 );margin-right: calc(-0px \/ 2 );\"><div class=\"fusion-layout-column fusion_builder_column fusion-builder-column-0 fusion_builder_column_1_1 1_1 fusion-flex-column fusion-animated\" style=\"--awb-bg-size:cover;--awb-width-large:100%;--awb-margin-top-large:0px;--awb-spacing-right-large:0px;--awb-margin-bottom-large:20px;--awb-spacing-left-large:0px;--awb-width-medium:100%;--awb-spacing-right-medium:0px;--awb-spacing-left-medium:0px;--awb-width-small:100%;--awb-spacing-right-small:0px;--awb-spacing-left-small:0px;\" data-animationType=\"fadeInDown\" data-animationDuration=\"0.6\" data-animationOffset=\"top-into-view\"><div class=\"fusion-column-wrapper fusion-flex-justify-content-flex-start fusion-content-layout-column\"><div class=\"fusion-title title fusion-title-1 fusion-sep-none fusion-title-center fusion-title-text fusion-title-size-two\" style=\"--awb-margin-bottom:0px;\"><h2 class=\"fusion-title-heading title-heading-center fusion-responsive-typography-calculated\" style=\"margin:0;--fontSize:40;line-height:1.2;\"><p style=\"text-align: center;\"><span style=\"color: #ffffff;\">Curso de preparaci\u00f3n al DELE: Consigue tu diploma con los mejores resultados<\/span><\/p><\/h2><\/div><div class=\"fusion-title title fusion-title-2 fusion-sep-none fusion-title-center fusion-title-text fusion-title-size-six\" style=\"--awb-margin-bottom:15px;\"><h6 class=\"fusion-title-heading title-heading-center fusion-responsive-typography-calculated\" style=\"margin:0;--fontSize:16;--minFontSize:16;line-height:1.5;\"><p style=\"text-align: center;\"><span style=\"color: #ffffff;\">APRENDE ESPA\u00d1OL EN MARBELLA &#8211; ESCUELA DE IDIOMAS<\/span><\/p><\/h6><\/div><\/div><\/div><\/div><\/div><div class=\"fusion-fullwidth fullwidth-box fusion-builder-row-2 fusion-flex-container nonhundred-percent-fullwidth non-hundred-percent-height-scrolling\" style=\"--awb-border-radius-top-left:0px;--awb-border-radius-top-right:0px;--awb-border-radius-bottom-right:0px;--awb-border-radius-bottom-left:0px;--awb-padding-top:7%;--awb-padding-bottom:2%;--awb-flex-wrap:wrap;\" ><div class=\"fusion-builder-row fusion-row fusion-flex-align-items-flex-start fusion-flex-content-wrap\" style=\"max-width:calc( 1300px + 0px );margin-left: calc(-0px \/ 2 );margin-right: calc(-0px \/ 2 );\"><div class=\"fusion-layout-column fusion_builder_column fusion-builder-column-1 fusion_builder_column_1_1 1_1 fusion-flex-column fusion-animated\" style=\"--awb-bg-size:cover;--awb-width-large:100%;--awb-margin-top-large:40px;--awb-spacing-right-large:0px;--awb-margin-bottom-large:0px;--awb-spacing-left-large:0px;--awb-width-medium:100%;--awb-spacing-right-medium:0px;--awb-spacing-left-medium:0px;--awb-width-small:100%;--awb-spacing-right-small:0px;--awb-spacing-left-small:0px;\" data-animationType=\"slideInLeft\" data-animationDuration=\"0.6\" data-animationOffset=\"top-into-view\"><div class=\"fusion-column-wrapper fusion-flex-justify-content-flex-start fusion-content-layout-column\"><div class=\"fusion-title title fusion-title-3 fusion-sep-none fusion-title-text fusion-title-size-two\"><h2 class=\"fusion-title-heading title-heading-left fusion-responsive-typography-calculated\" style=\"margin:0;--fontSize:40;line-height:1.2;\">CURSO DE PREPARACI\u00d3N AL DELE: CONSIGUE TU DIPLOMA CON LOS MEJORES RESULTADOS<\/h2><\/div><\/div><\/div><div class=\"fusion-layout-column fusion_builder_column fusion-builder-column-2 fusion_builder_column_1_1 1_1 fusion-flex-column\" style=\"--awb-bg-size:cover;--awb-width-large:100%;--awb-margin-top-large:0px;--awb-spacing-right-large:0px;--awb-margin-bottom-large:20px;--awb-spacing-left-large:0px;--awb-width-medium:100%;--awb-spacing-right-medium:0px;--awb-spacing-left-medium:0px;--awb-width-small:100%;--awb-spacing-right-small:0px;--awb-spacing-left-small:0px;\"><div class=\"fusion-column-wrapper fusion-flex-justify-content-flex-start fusion-content-layout-column\"><div class=\"fusion-text fusion-text-1\"><p>El Instituto Cervantes es la instituci\u00f3n p\u00fablica cuyos dos objetivos principales son la promoci\u00f3n y la ense\u00f1anza de la lengua espa\u00f1ola y la difusi\u00f3n de la cultura de Espa\u00f1a e Hispanoam\u00e9rica, organiza los ex\u00e1menes y expide los Diplomas de Espa\u00f1ol como Lengua Extranjera (DELE) en nombre del Ministerio de Educaci\u00f3n, Cultura y Deporte de Espa\u00f1a, t\u00edtulos oficiales reconocidos internacionalmente y con validez permanente.<\/p>\n<p>Nuestros profesores son examinadores acreditados del Instituto Cervantes; preparan a nuestros alumnos para los ex\u00e1menes DELE en todos los niveles, desde A1 a C2, cuales quieran sean los objetivos de nuestros alumnos: prop\u00f3sitos acad\u00e9micos, para solicitar la nacionalidad espa\u00f1ola (A2), necesidades laborales, etc.<\/p>\n<\/div><div class=\"fusion-title title fusion-title-4 fusion-sep-none fusion-title-text fusion-title-size-four\"><h4 class=\"fusion-title-heading title-heading-left fusion-responsive-typography-calculated\" style=\"margin:0;--fontSize:20;--minFontSize:20;line-height:1.5;\">DESCRIPCION DEL CURSO Y PRECIOS<\/h4><\/div>\n<div class=\"table-2\">\n<table width=\"100%\">\n<thead>\n<tr>\n<th style=\"text-align: center;\">Fecha de comienzo<\/th>\n<th style=\"text-align: center;\" colspan=\"2\">A demanda del alumno<\/th>\n<\/tr>\n<\/thead>\n<tbody>\n<tr>\n<td style=\"text-align: center;\">Duraci\u00f3n<\/td>\n<td style=\"text-align: center;\" colspan=\"2\">Minimo una semana<\/td>\n<\/tr>\n<tr>\n<td style=\"text-align: center;\">Niveles<\/td>\n<td style=\"text-align: center;\" colspan=\"2\">Todos los niveles, desde principiantes hasta avanzado<\/td>\n<\/tr>\n<tr>\n<td style=\"text-align: center;\">Materials<\/td>\n<td style=\"text-align: center;\" colspan=\"2\">Libros de preparaci\u00f3n a DELE<\/td>\n<\/tr>\n<tr>\n<td style=\"text-align: center;\">Matr\u00edcula<\/td>\n<td style=\"text-align: center;\" colspan=\"2\">Gratuita<\/td>\n<\/tr>\n<tr>\n<td style=\"text-align: center;\">Duraci\u00f3n de las clases<\/td>\n<td style=\"text-align: center;\" colspan=\"2\">60 min.<\/td>\n<\/tr>\n<tr>\n<td style=\"text-align: center;\">1 Clase<\/td>\n<td style=\"text-align: center;\">Bono Especial de 10 clases en 2 semanas<\/td>\n<td style=\"text-align: center;\">Bono Especial de 20 clases en 4 semanas<\/td>\n<\/tr>\n<tr>\n<td style=\"text-align: center;\">\n<p align=\"center\">Privada-1 Estudiante 30\u20ac<\/p>\n<\/td>\n<td style=\"text-align: center;\">\u20ac270<\/td>\n<td style=\"text-align: center;\">\u20ac500<\/td>\n<\/tr>\n<tr>\n<td style=\"text-align: center;\">\n<p align=\"center\">Semi-Privada 2 Estudiantes 18\u20ac<\/p>\n<\/td>\n<td style=\"text-align: center;\">\u20ac160<\/td>\n<td style=\"text-align: center;\">\u20ac300<\/td>\n<\/tr>\n<\/tbody>\n<\/table>\n<\/div>\n<\/div><\/div><\/div><\/div><\/p>\n","protected":false},"excerpt":{"rendered":"","protected":false},"author":4,"featured_media":0,"parent":0,"menu_order":0,"comment_status":"closed","ping_status":"closed","template":"100-width.php","meta":{"footnotes":""},"class_list":["post-12033","page","type-page","status-publish","hentry"],"_links":{"self":[{"href":"https:\/\/misslanguages.com\/es\/wp-json\/wp\/v2\/pages\/12033","targetHints":{"allow":["GET"]}}],"collection":[{"href":"https:\/\/misslanguages.com\/es\/wp-json\/wp\/v2\/pages"}],"about":[{"href":"https:\/\/misslanguages.com\/es\/wp-json\/wp\/v2\/types\/page"}],"author":[{"embeddable":true,"href":"https:\/\/misslanguages.com\/es\/wp-json\/wp\/v2\/users\/4"}],"replies":[{"embeddable":true,"href":"https:\/\/misslanguages.com\/es\/wp-json\/wp\/v2\/comments?post=12033"}],"version-history":[{"count":4,"href":"https:\/\/misslanguages.com\/es\/wp-json\/wp\/v2\/pages\/12033\/revisions"}],"predecessor-version":[{"id":12037,"href":"https:\/\/misslanguages.com\/es\/wp-json\/wp\/v2\/pages\/12033\/revisions\/12037"}],"wp:attachment":[{"href":"https:\/\/misslanguages.com\/es\/wp-json\/wp\/v2\/media?parent=12033"}],"curies":[{"name":"wp","href":"https:\/\/api.w.org\/{rel}","templated":true}]}}