{"id":12025,"date":"2019-02-18T21:14:45","date_gmt":"2019-02-18T21:14:45","guid":{"rendered":"https:\/\/misslanguages.com\/english-classes-in-marbella\/"},"modified":"2019-05-25T12:56:03","modified_gmt":"2019-05-25T12:56:03","slug":"english-classes-in-marbella","status":"publish","type":"page","link":"https:\/\/misslanguages.com\/es\/english-classes-in-marbella\/","title":{"rendered":"Clases de ingles en marbella"},"content":{"rendered":"<p><div class=\"fusion-fullwidth fullwidth-box fusion-builder-row-1 fusion-flex-container fusion-parallax-none nonhundred-percent-fullwidth non-hundred-percent-height-scrolling\" style=\"--awb-border-radius-top-left:0px;--awb-border-radius-top-right:0px;--awb-border-radius-bottom-right:0px;--awb-border-radius-bottom-left:0px;--awb-padding-top:8%;--awb-padding-bottom:10%;--awb-background-image:url(&quot;https:\/\/misslanguages.com\/wp-content\/uploads\/2017\/12\/english-classes-in-marbella-learn-english-in-marbella.jpg&quot;);--awb-background-size:cover;--awb-flex-wrap:wrap;\" ><div class=\"fusion-builder-row fusion-row fusion-flex-align-items-flex-start fusion-flex-content-wrap\" style=\"max-width:calc( 1300px + 0px );margin-left: calc(-0px \/ 2 );margin-right: calc(-0px \/ 2 );\"><div class=\"fusion-layout-column fusion_builder_column fusion-builder-column-0 fusion_builder_column_1_1 1_1 fusion-flex-column fusion-animated\" style=\"--awb-bg-size:cover;--awb-width-large:100%;--awb-margin-top-large:0px;--awb-spacing-right-large:0px;--awb-margin-bottom-large:20px;--awb-spacing-left-large:0px;--awb-width-medium:100%;--awb-spacing-right-medium:0px;--awb-spacing-left-medium:0px;--awb-width-small:100%;--awb-spacing-right-small:0px;--awb-spacing-left-small:0px;\" data-animationType=\"fadeInDown\" data-animationDuration=\"0.6\" data-animationOffset=\"top-into-view\"><div class=\"fusion-column-wrapper fusion-flex-justify-content-flex-start fusion-content-layout-column\"><div class=\"fusion-title title fusion-title-1 fusion-sep-none fusion-title-center fusion-title-text fusion-title-size-two\" style=\"--awb-margin-bottom:0px;\"><h2 class=\"fusion-title-heading title-heading-center fusion-responsive-typography-calculated\" style=\"margin:0;--fontSize:40;line-height:1.2;\"><p style=\"text-align: center;\"><span style=\"color: #ffffff;\">Clases de ingles en marbella<\/span><\/p><\/h2><\/div><div class=\"fusion-title title fusion-title-2 fusion-sep-none fusion-title-center fusion-title-text fusion-title-size-six\" style=\"--awb-margin-bottom:15px;\"><h6 class=\"fusion-title-heading title-heading-center fusion-responsive-typography-calculated\" style=\"margin:0;--fontSize:16;--minFontSize:16;line-height:1.5;\"><p style=\"text-align: center;\"><span style=\"color: #ffffff;\">APRENDE ESPA\u00d1OL EN MARBELLA &#8211; ESCUELA DE IDIOMAS<\/span><\/p><\/h6><\/div><\/div><\/div><\/div><\/div><div class=\"fusion-fullwidth fullwidth-box fusion-builder-row-2 fusion-flex-container nonhundred-percent-fullwidth non-hundred-percent-height-scrolling\" style=\"--awb-border-radius-top-left:0px;--awb-border-radius-top-right:0px;--awb-border-radius-bottom-right:0px;--awb-border-radius-bottom-left:0px;--awb-padding-top:7%;--awb-padding-bottom:2%;--awb-flex-wrap:wrap;\" ><div class=\"fusion-builder-row fusion-row fusion-flex-align-items-flex-start fusion-flex-content-wrap\" style=\"max-width:1352px;margin-left: calc(-4% \/ 2 );margin-right: calc(-4% \/ 2 );\"><div class=\"fusion-layout-column fusion_builder_column fusion-builder-column-1 fusion_builder_column_1_1 1_1 fusion-flex-column fusion-animated\" style=\"--awb-bg-size:cover;--awb-width-large:100%;--awb-margin-top-large:40px;--awb-spacing-right-large:1.92%;--awb-margin-bottom-large:0px;--awb-spacing-left-large:1.92%;--awb-width-medium:100%;--awb-spacing-right-medium:1.92%;--awb-spacing-left-medium:1.92%;--awb-width-small:100%;--awb-spacing-right-small:1.92%;--awb-spacing-left-small:1.92%;\" data-animationType=\"slideInLeft\" data-animationDuration=\"0.6\" data-animationOffset=\"top-into-view\"><div class=\"fusion-column-wrapper fusion-flex-justify-content-flex-start fusion-content-layout-column\"><div class=\"fusion-title title fusion-title-3 fusion-sep-none fusion-title-text fusion-title-size-two\"><h2 class=\"fusion-title-heading title-heading-left fusion-responsive-typography-calculated\" style=\"margin:0;--fontSize:40;line-height:1.2;\">CLASES DE INGL\u00c9S EN MARBELLA: APRENDER INGL\u00c9S<\/h2><\/div><\/div><\/div><div class=\"fusion-layout-column fusion_builder_column fusion-builder-column-2 fusion_builder_column_1_1 1_1 fusion-flex-column\" style=\"--awb-bg-size:cover;--awb-width-large:100%;--awb-margin-top-large:0px;--awb-spacing-right-large:1.92%;--awb-margin-bottom-large:20px;--awb-spacing-left-large:1.92%;--awb-width-medium:100%;--awb-spacing-right-medium:1.92%;--awb-spacing-left-medium:1.92%;--awb-width-small:100%;--awb-spacing-right-small:1.92%;--awb-spacing-left-small:1.92%;\"><div class=\"fusion-column-wrapper fusion-flex-justify-content-flex-start fusion-content-layout-column\"><div class=\"fusion-text fusion-text-1\"><p>En MISS, Marbella international Spanish School llevamos a\u00f1os ense\u00f1ando Ingl\u00e9s y conocemos perfectamente las necesidades de nuestros estudiantes. Es por eso que tenemos dos tipos de clases de Ingl\u00e9s:<\/p>\n<ul>\n<li><strong>Clases de apoyo de Ingl\u00e9s:<\/strong> para nuestros estudiantes de Primaria, Secundaria, Bachillerato y Selectividad que necesitan comprender y aprobar la asignatura. Clases en grupos reducidos (3-5 alumnos) y por niveles (solo un curso por clase).<\/li>\n<\/ul>\n<p>Los profesores de MISS somos licenciados, poseedores del Certificado de Aptitud Pedag\u00f3gica (CAP) que nos acredita para ejercer la ense\u00f1anza en Secundaria y Bachillerato. Como profesores de Ingl\u00e9s conocemos el Sistema Educativo Espa\u00f1ol y sabemos c\u00f3mo hacer que nuestros alumnos aprueben. \u00a1Tenemos un 100 % de aprobados en Selectividad cada a\u00f1o!<\/p>\n<p><img decoding=\"async\" class=\"aligncenter wp-image-11066 size-full\" title=\"Learn english in marbella MISS marbella international school marbella\" src=\"https:\/\/misslanguages.com\/wp-content\/uploads\/2017\/12\/learn-english-in-marbella-english-classes-miss-international-spanish-school.jpg\" alt=\"Learn english in marbella MISS marbella international school marbella\" width=\"1500\" height=\"260\" srcset=\"https:\/\/misslanguages.com\/wp-content\/uploads\/2017\/12\/learn-english-in-marbella-english-classes-miss-international-spanish-school-200x35.jpg 200w, https:\/\/misslanguages.com\/wp-content\/uploads\/2017\/12\/learn-english-in-marbella-english-classes-miss-international-spanish-school-300x52.jpg 300w, https:\/\/misslanguages.com\/wp-content\/uploads\/2017\/12\/learn-english-in-marbella-english-classes-miss-international-spanish-school-400x69.jpg 400w, https:\/\/misslanguages.com\/wp-content\/uploads\/2017\/12\/learn-english-in-marbella-english-classes-miss-international-spanish-school-500x87.jpg 500w, https:\/\/misslanguages.com\/wp-content\/uploads\/2017\/12\/learn-english-in-marbella-english-classes-miss-international-spanish-school-600x104.jpg 600w, https:\/\/misslanguages.com\/wp-content\/uploads\/2017\/12\/learn-english-in-marbella-english-classes-miss-international-spanish-school-700x121.jpg 700w, https:\/\/misslanguages.com\/wp-content\/uploads\/2017\/12\/learn-english-in-marbella-english-classes-miss-international-spanish-school-768x133.jpg 768w, https:\/\/misslanguages.com\/wp-content\/uploads\/2017\/12\/learn-english-in-marbella-english-classes-miss-international-spanish-school-800x139.jpg 800w, https:\/\/misslanguages.com\/wp-content\/uploads\/2017\/12\/learn-english-in-marbella-english-classes-miss-international-spanish-school-1024x177.jpg 1024w, https:\/\/misslanguages.com\/wp-content\/uploads\/2017\/12\/learn-english-in-marbella-english-classes-miss-international-spanish-school-1200x208.jpg 1200w, https:\/\/misslanguages.com\/wp-content\/uploads\/2017\/12\/learn-english-in-marbella-english-classes-miss-international-spanish-school.jpg 1500w\" sizes=\"(max-width: 1500px) 100vw, 1500px\" \/><\/p>\n<ul>\n<li><strong>Cursos preparatorios para los ex\u00e1menes de Cambridge:<\/strong> somos Centro Oficial preparatorio de los ex\u00e1menes de Cambridge. Clases privadas, semi-privadas o grupos reducidos y por niveles.<\/li>\n<\/ul>\n<p>En estos cursos, no solo preparamos a nuestros estudiantes para que aprueben estos prestigiosos ex\u00e1menes y obtengan la titulaci\u00f3n que los capacita internacionalmente, sino que, por el camino, aprenden a hablar y a entender ingl\u00e9s de verdad. Nuestras clases son fundamentalmente pr\u00e1cticas, din\u00e1micas y efectivas para aquellos que quieren hablar ingl\u00e9s.<\/p>\n<\/div><div class=\"fusion-title title fusion-title-4 fusion-sep-none fusion-title-text fusion-title-size-four\"><h4 class=\"fusion-title-heading title-heading-left fusion-responsive-typography-calculated\" style=\"margin:0;--fontSize:20;--minFontSize:20;line-height:1.5;\">COURSE DESCRIPTION AND PRICES<\/h4><\/div><\/div><\/div><div class=\"fusion-layout-column fusion_builder_column fusion-builder-column-3 fusion_builder_column_1_2 1_2 fusion-flex-column\" style=\"--awb-bg-size:cover;--awb-width-large:50%;--awb-margin-top-large:0px;--awb-spacing-right-large:3.84%;--awb-margin-bottom-large:20px;--awb-spacing-left-large:3.84%;--awb-width-medium:100%;--awb-spacing-right-medium:1.92%;--awb-spacing-left-medium:1.92%;--awb-width-small:100%;--awb-spacing-right-small:1.92%;--awb-spacing-left-small:1.92%;\"><div class=\"fusion-column-wrapper fusion-flex-justify-content-flex-start fusion-content-layout-column\">\n<div class=\"table-2\">\n<table width=\"100%\">\n<thead>\n<tr>\n<th>Clases<\/th>\n<th>Horas<\/th>\n<th>Precio<\/th>\n<\/tr>\n<\/thead>\n<tbody>\n<tr>\n<td style=\"width: 141px; text-align: center;\">Clases de apoyo<\/td>\n<td style=\"width: 141px; text-align: center;\">2 horas a la semana en horario de tarde<\/td>\n<td style=\"width: 136px; text-align: center;\">70\u20ac \/ mes<\/td>\n<\/tr>\n<tr>\n<td style=\"width: 141px; text-align: center;\">Clases preparatorias Cambridge<\/td>\n<td style=\"width: 141px; text-align: center;\">Semi-privadas 3 horas a la semana en horario de ma\u00f1ana o tarde<\/td>\n<td style=\"width: 136px; text-align: center;\">105\u20ac \/ mes<\/td>\n<\/tr>\n<tr>\n<td style=\"width: 141px; text-align: center;\">Grupales<\/td>\n<td style=\"width: 141px; text-align: center;\">3 horas a la semana en horario de ma\u00f1ana o tarde<\/td>\n<td style=\"width: 136px; text-align: center;\">85\u20ac \/ mes<\/td>\n<\/tr>\n<\/tbody>\n<\/table>\n<\/div>\n<\/div><\/div><div class=\"fusion-layout-column fusion_builder_column fusion-builder-column-4 fusion_builder_column_1_2 1_2 fusion-flex-column\" style=\"--awb-bg-size:cover;--awb-width-large:50%;--awb-margin-top-large:0px;--awb-spacing-right-large:3.84%;--awb-margin-bottom-large:20px;--awb-spacing-left-large:3.84%;--awb-width-medium:100%;--awb-spacing-right-medium:1.92%;--awb-spacing-left-medium:1.92%;--awb-width-small:100%;--awb-spacing-right-small:1.92%;--awb-spacing-left-small:1.92%;\"><div class=\"fusion-column-wrapper fusion-flex-justify-content-flex-start fusion-content-layout-column\"><div class=\"fusion-video fusion-youtube\" style=\"--awb-max-width:600px;--awb-max-height:360px;\"><div class=\"video-shortcode\"><div class=\"fluid-width-video-wrapper\" style=\"padding-top:60%;\" ><iframe title=\"YouTube video player 1\" src=\"https:\/\/www.youtube.com\/embed\/u_i2SujAeBo?wmode=transparent&autoplay=0\" width=\"600\" height=\"360\" allowfullscreen allow=\"autoplay; clipboard-write; encrypted-media; gyroscope; picture-in-picture;\"><\/iframe><\/div><\/div><\/div><\/div><\/div><\/div><\/div><\/p>\n","protected":false},"excerpt":{"rendered":"","protected":false},"author":4,"featured_media":0,"parent":0,"menu_order":0,"comment_status":"closed","ping_status":"closed","template":"100-width.php","meta":{"footnotes":""},"class_list":["post-12025","page","type-page","status-publish","hentry"],"_links":{"self":[{"href":"https:\/\/misslanguages.com\/es\/wp-json\/wp\/v2\/pages\/12025","targetHints":{"allow":["GET"]}}],"collection":[{"href":"https:\/\/misslanguages.com\/es\/wp-json\/wp\/v2\/pages"}],"about":[{"href":"https:\/\/misslanguages.com\/es\/wp-json\/wp\/v2\/types\/page"}],"author":[{"embeddable":true,"href":"https:\/\/misslanguages.com\/es\/wp-json\/wp\/v2\/users\/4"}],"replies":[{"embeddable":true,"href":"https:\/\/misslanguages.com\/es\/wp-json\/wp\/v2\/comments?post=12025"}],"version-history":[{"count":6,"href":"https:\/\/misslanguages.com\/es\/wp-json\/wp\/v2\/pages\/12025\/revisions"}],"predecessor-version":[{"id":12031,"href":"https:\/\/misslanguages.com\/es\/wp-json\/wp\/v2\/pages\/12025\/revisions\/12031"}],"wp:attachment":[{"href":"https:\/\/misslanguages.com\/es\/wp-json\/wp\/v2\/media?parent=12025"}],"curies":[{"name":"wp","href":"https:\/\/api.w.org\/{rel}","templated":true}]}}