{"id":12019,"date":"2019-02-18T20:32:32","date_gmt":"2019-02-18T20:32:32","guid":{"rendered":"https:\/\/misslanguages.com\/private-lessons-customise-your-learning\/"},"modified":"2021-03-03T11:19:37","modified_gmt":"2021-03-03T11:19:37","slug":"private-lessons-customise-your-learning","status":"publish","type":"page","link":"https:\/\/misslanguages.com\/es\/private-lessons-customise-your-learning\/","title":{"rendered":"Clases privadas: hechas a tu medida"},"content":{"rendered":"<p><div class=\"fusion-fullwidth fullwidth-box fusion-builder-row-1 fusion-flex-container fusion-parallax-none nonhundred-percent-fullwidth non-hundred-percent-height-scrolling\" style=\"--awb-border-radius-top-left:0px;--awb-border-radius-top-right:0px;--awb-border-radius-bottom-right:0px;--awb-border-radius-bottom-left:0px;--awb-padding-top:8%;--awb-padding-bottom:10%;--awb-background-image:url(&quot;https:\/\/misslanguages.com\/wp-content\/uploads\/2017\/11\/private-spanish-lessons-marbella-international-spanish-school.jpg&quot;);--awb-background-size:cover;--awb-flex-wrap:wrap;\" ><div class=\"fusion-builder-row fusion-row fusion-flex-align-items-flex-start fusion-flex-content-wrap\" style=\"max-width:calc( 1300px + 0px );margin-left: calc(-0px \/ 2 );margin-right: calc(-0px \/ 2 );\"><div class=\"fusion-layout-column fusion_builder_column fusion-builder-column-0 fusion_builder_column_1_1 1_1 fusion-flex-column fusion-animated\" style=\"--awb-bg-size:cover;--awb-width-large:100%;--awb-margin-top-large:0px;--awb-spacing-right-large:0px;--awb-margin-bottom-large:20px;--awb-spacing-left-large:0px;--awb-width-medium:100%;--awb-spacing-right-medium:0px;--awb-spacing-left-medium:0px;--awb-width-small:100%;--awb-spacing-right-small:0px;--awb-spacing-left-small:0px;\" data-animationType=\"fadeInDown\" data-animationDuration=\"0.6\" data-animationOffset=\"top-into-view\"><div class=\"fusion-column-wrapper fusion-flex-justify-content-flex-start fusion-content-layout-column\"><div class=\"fusion-title title fusion-title-1 fusion-sep-none fusion-title-center fusion-title-text fusion-title-size-two\" style=\"--awb-margin-bottom:0px;\"><h2 class=\"fusion-title-heading title-heading-center fusion-responsive-typography-calculated\" style=\"margin:0;--fontSize:40;line-height:1.2;\"><p style=\"text-align: center;\"><span style=\"color: #ffffff;\">Clases privadas: hechas a tu medida<\/span><\/p><\/h2><\/div><div class=\"fusion-title title fusion-title-2 fusion-sep-none fusion-title-center fusion-title-text fusion-title-size-six\" style=\"--awb-margin-bottom:15px;\"><h6 class=\"fusion-title-heading title-heading-center fusion-responsive-typography-calculated\" style=\"margin:0;--fontSize:16;--minFontSize:16;line-height:1.5;\"><p style=\"text-align: center;\"><span style=\"color: #ffffff;\">APRENDE ESPA\u00d1OL EN MARBELLA &#8211; ESCUELA DE IDIOMAS<\/span><\/p><\/h6><\/div><\/div><\/div><\/div><\/div><div class=\"fusion-fullwidth fullwidth-box fusion-builder-row-2 fusion-flex-container nonhundred-percent-fullwidth non-hundred-percent-height-scrolling\" style=\"--awb-border-radius-top-left:0px;--awb-border-radius-top-right:0px;--awb-border-radius-bottom-right:0px;--awb-border-radius-bottom-left:0px;--awb-padding-top:7%;--awb-padding-bottom:2%;--awb-flex-wrap:wrap;\" ><div class=\"fusion-builder-row fusion-row fusion-flex-align-items-flex-start fusion-flex-content-wrap\" style=\"max-width:calc( 1300px + 0px );margin-left: calc(-0px \/ 2 );margin-right: calc(-0px \/ 2 );\"><div class=\"fusion-layout-column fusion_builder_column fusion-builder-column-1 fusion_builder_column_1_1 1_1 fusion-flex-column fusion-animated\" style=\"--awb-bg-size:cover;--awb-width-large:100%;--awb-margin-top-large:40px;--awb-spacing-right-large:0px;--awb-margin-bottom-large:0px;--awb-spacing-left-large:0px;--awb-width-medium:100%;--awb-spacing-right-medium:0px;--awb-spacing-left-medium:0px;--awb-width-small:100%;--awb-spacing-right-small:0px;--awb-spacing-left-small:0px;\" data-animationType=\"slideInLeft\" data-animationDuration=\"0.6\" data-animationOffset=\"top-into-view\"><div class=\"fusion-column-wrapper fusion-flex-justify-content-flex-start fusion-content-layout-column\"><div class=\"fusion-title title fusion-title-3 fusion-sep-none fusion-title-text fusion-title-size-two\"><h2 class=\"fusion-title-heading title-heading-left fusion-responsive-typography-calculated\" style=\"margin:0;--fontSize:40;line-height:1.2;\">CLASES PRIVADAS: HECHAS A TU MEDIDA<\/h2><\/div><\/div><\/div><div class=\"fusion-layout-column fusion_builder_column fusion-builder-column-2 fusion_builder_column_1_1 1_1 fusion-flex-column\" style=\"--awb-bg-size:cover;--awb-width-large:100%;--awb-margin-top-large:0px;--awb-spacing-right-large:0px;--awb-margin-bottom-large:20px;--awb-spacing-left-large:0px;--awb-width-medium:100%;--awb-spacing-right-medium:0px;--awb-spacing-left-medium:0px;--awb-width-small:100%;--awb-spacing-right-small:0px;--awb-spacing-left-small:0px;\"><div class=\"fusion-column-wrapper fusion-flex-justify-content-flex-start fusion-content-layout-column\"><div class=\"fusion-text fusion-text-1\"><p>T\u00fa decides cu\u00e1ndo, qu\u00e9 y c\u00f3mo.<br \/>\nNuestras clases privadas est\u00e1n hechas a la medida de tus intereses, nivel y necesidades y se adaptan a tu disponibilidad.<\/p>\n<p>Adaptamos nuestras clases a tus necesidades particulares, lo que posibilitar\u00e1 que hables y comprendas espa\u00f1ol en realmente poco tiempo o que perfecciones tu espa\u00f1ol con los fines que necesites: profesionales, acad\u00e9micos, culturales, etc. Todo ello en un ambiente c\u00f3modo para ti en el que tu profesor adaptar\u00e1 el material utilizado en las clases a tus necesidades propiciando que alcances tus objetivos a tu ritmo.<\/p>\n<p>Nuestras clases privadas son tambi\u00e9n una fant\u00e1stica opci\u00f3n si lo que deseas es mejorar tu nivel de conversaci\u00f3n.<br \/>\nTambi\u00e9n ofrecemos clases semi-privadas para 2 personas con el mismo nivel.<\/p>\n<\/div><div class=\"fusion-title title fusion-title-4 fusion-sep-none fusion-title-text fusion-title-size-four\"><h4 class=\"fusion-title-heading title-heading-left fusion-responsive-typography-calculated\" style=\"margin:0;--fontSize:20;--minFontSize:20;line-height:1.5;\">DESCRIPCI\u00d3N DEL CURSO Y PRECIOS<\/h4><\/div>\n<div class=\"table-2\">\n<table width=\"100%\">\n<thead>\n<tr>\n<th>Fecha de comienzo<\/th>\n<th>A petici\u00f3n del alumno<\/th>\n<\/tr>\n<\/thead>\n<tbody>\n<tr>\n<td>Duraci\u00f3n<\/td>\n<td>Minimo una semana<\/td>\n<\/tr>\n<tr>\n<td>Niveles<\/td>\n<td>Todos los niveles, desde principiante hasta avanzado<\/td>\n<\/tr>\n<tr>\n<td>Materiales<\/td>\n<td>Adaptados a las necesidades del alumno<\/td>\n<\/tr>\n<tr>\n<td>Matricula<\/td>\n<td>Gratuita<\/td>\n<\/tr>\n<tr>\n<td>Duraci\u00f3n de las clases<\/td>\n<td>60 min.<\/td>\n<\/tr>\n<tr>\n<td>60 minutos<\/td>\n<td>Bono especial de 10 clases en 4 semanas<\/td>\n<td>Bono especial de 20 clases en 8 semanas<\/td>\n<\/tr>\n<tr>\n<td>Privada-1 Estudiante 33\u20ac<\/td>\n<td>\u20ac290<\/td>\n<td>\u20ac530<\/td>\n<\/tr>\n<tr>\n<td>Semi-Privada 2 Estudiantes 22\u20ac<\/td>\n<td>\u20ac190<\/td>\n<td>\u20ac350<\/td>\n<\/tr>\n<\/tbody>\n<\/table>\n<\/div>\n<\/div><\/div><\/div><\/div><\/p>\n","protected":false},"excerpt":{"rendered":"","protected":false},"author":4,"featured_media":0,"parent":0,"menu_order":0,"comment_status":"closed","ping_status":"closed","template":"100-width.php","meta":{"footnotes":""},"class_list":["post-12019","page","type-page","status-publish","hentry"],"_links":{"self":[{"href":"https:\/\/misslanguages.com\/es\/wp-json\/wp\/v2\/pages\/12019","targetHints":{"allow":["GET"]}}],"collection":[{"href":"https:\/\/misslanguages.com\/es\/wp-json\/wp\/v2\/pages"}],"about":[{"href":"https:\/\/misslanguages.com\/es\/wp-json\/wp\/v2\/types\/page"}],"author":[{"embeddable":true,"href":"https:\/\/misslanguages.com\/es\/wp-json\/wp\/v2\/users\/4"}],"replies":[{"embeddable":true,"href":"https:\/\/misslanguages.com\/es\/wp-json\/wp\/v2\/comments?post=12019"}],"version-history":[{"count":7,"href":"https:\/\/misslanguages.com\/es\/wp-json\/wp\/v2\/pages\/12019\/revisions"}],"predecessor-version":[{"id":12127,"href":"https:\/\/misslanguages.com\/es\/wp-json\/wp\/v2\/pages\/12019\/revisions\/12127"}],"wp:attachment":[{"href":"https:\/\/misslanguages.com\/es\/wp-json\/wp\/v2\/media?parent=12019"}],"curies":[{"name":"wp","href":"https:\/\/api.w.org\/{rel}","templated":true}]}}