{"id":12011,"date":"2019-02-18T20:24:49","date_gmt":"2019-02-18T20:24:49","guid":{"rendered":"https:\/\/misslanguages.com\/year-round-courses-become-confident-in-spanish\/"},"modified":"2026-01-19T23:35:48","modified_gmt":"2026-01-19T23:35:48","slug":"year-round-courses-become-confident-in-spanish","status":"publish","type":"page","link":"https:\/\/misslanguages.com\/es\/year-round-courses-become-confident-in-spanish\/","title":{"rendered":"Cursos anuales: Gane confianza en espa\u00f1ol"},"content":{"rendered":"<p><div class=\"fusion-fullwidth fullwidth-box fusion-builder-row-1 fusion-flex-container fusion-parallax-none nonhundred-percent-fullwidth non-hundred-percent-height-scrolling\" style=\"--awb-border-radius-top-left:0px;--awb-border-radius-top-right:0px;--awb-border-radius-bottom-right:0px;--awb-border-radius-bottom-left:0px;--awb-padding-top:8%;--awb-padding-bottom:10%;--awb-background-image:url(&quot;https:\/\/misslanguages.com\/wp-content\/uploads\/2017\/11\/Year-round-courses-Become-confident-in-Spanish-marbella-spanish-language-school.jpg&quot;);--awb-background-size:cover;--awb-flex-wrap:wrap;\" ><div class=\"fusion-builder-row fusion-row fusion-flex-align-items-flex-start fusion-flex-content-wrap\" style=\"max-width:calc( 1300px + 0px );margin-left: calc(-0px \/ 2 );margin-right: calc(-0px \/ 2 );\"><div class=\"fusion-layout-column fusion_builder_column fusion-builder-column-0 fusion_builder_column_1_1 1_1 fusion-flex-column fusion-animated\" style=\"--awb-bg-size:cover;--awb-width-large:100%;--awb-margin-top-large:0px;--awb-spacing-right-large:0px;--awb-margin-bottom-large:20px;--awb-spacing-left-large:0px;--awb-width-medium:100%;--awb-spacing-right-medium:0px;--awb-spacing-left-medium:0px;--awb-width-small:100%;--awb-spacing-right-small:0px;--awb-spacing-left-small:0px;\" data-animationType=\"fadeInDown\" data-animationDuration=\"0.6\" data-animationOffset=\"top-into-view\"><div class=\"fusion-column-wrapper fusion-flex-justify-content-flex-start fusion-content-layout-column\"><div class=\"fusion-title title fusion-title-1 fusion-sep-none fusion-title-center fusion-title-text fusion-title-size-two\" style=\"--awb-margin-bottom:0px;\"><h2 class=\"fusion-title-heading title-heading-center fusion-responsive-typography-calculated\" style=\"margin:0;--fontSize:40;line-height:1.2;\"><p style=\"text-align: center;\"><span style=\"color: #ffffff;\">cursos de larga duraci\u00f3n: adquirir\u00e1s confianza<\/span><\/p><\/h2><\/div><div class=\"fusion-title title fusion-title-2 fusion-sep-none fusion-title-center fusion-title-text fusion-title-size-six\" style=\"--awb-margin-bottom:15px;\"><h6 class=\"fusion-title-heading title-heading-center fusion-responsive-typography-calculated\" style=\"margin:0;--fontSize:16;--minFontSize:16;line-height:1.5;\"><p style=\"text-align: center;\"><span style=\"color: #ffffff;\">APRENDE ESPA\u00d1OL EN MARBELLA &#8211; ESCUELA DE IDIOMAS<\/span><\/p><\/h6><\/div><\/div><\/div><\/div><\/div><div class=\"fusion-fullwidth fullwidth-box fusion-builder-row-2 fusion-flex-container nonhundred-percent-fullwidth non-hundred-percent-height-scrolling\" style=\"--awb-border-radius-top-left:0px;--awb-border-radius-top-right:0px;--awb-border-radius-bottom-right:0px;--awb-border-radius-bottom-left:0px;--awb-padding-top:7%;--awb-padding-bottom:2%;--awb-flex-wrap:wrap;\" ><div class=\"fusion-builder-row fusion-row fusion-flex-align-items-flex-start fusion-flex-content-wrap\" style=\"max-width:calc( 1300px + 0px );margin-left: calc(-0px \/ 2 );margin-right: calc(-0px \/ 2 );\"><div class=\"fusion-layout-column fusion_builder_column fusion-builder-column-1 fusion_builder_column_1_1 1_1 fusion-flex-column fusion-animated\" style=\"--awb-bg-size:cover;--awb-width-large:100%;--awb-margin-top-large:40px;--awb-spacing-right-large:0px;--awb-margin-bottom-large:0px;--awb-spacing-left-large:0px;--awb-width-medium:100%;--awb-spacing-right-medium:0px;--awb-spacing-left-medium:0px;--awb-width-small:100%;--awb-spacing-right-small:0px;--awb-spacing-left-small:0px;\" data-animationType=\"slideInLeft\" data-animationDuration=\"0.6\" data-animationOffset=\"top-into-view\"><div class=\"fusion-column-wrapper fusion-flex-justify-content-flex-start fusion-content-layout-column\"><div class=\"fusion-title title fusion-title-3 fusion-sep-none fusion-title-text fusion-title-size-two\"><h2 class=\"fusion-title-heading title-heading-left fusion-responsive-typography-calculated\" style=\"margin:0;--fontSize:40;line-height:1.2;\">CURSOS DE LARGA DURACI\u00d3N: ADQUIRIR\u00c1S CONFIANZA<\/h2><\/div><\/div><\/div><div class=\"fusion-layout-column fusion_builder_column fusion-builder-column-2 fusion_builder_column_1_1 1_1 fusion-flex-column\" style=\"--awb-bg-size:cover;--awb-width-large:100%;--awb-margin-top-large:0px;--awb-spacing-right-large:0px;--awb-margin-bottom-large:20px;--awb-spacing-left-large:0px;--awb-width-medium:100%;--awb-spacing-right-medium:0px;--awb-spacing-left-medium:0px;--awb-width-small:100%;--awb-spacing-right-small:0px;--awb-spacing-left-small:0px;\"><div class=\"fusion-column-wrapper fusion-flex-justify-content-flex-start fusion-content-layout-column\"><div class=\"fusion-text fusion-text-1\"><p>Si eres de los que llevan algunos a\u00f1os viviendo en la Costa del Sol, hablas algo de espa\u00f1ol pero sientes que no avanzas o careces de confianza para poner en pr\u00e1ctica lo que ya sabes, sabemos cu\u00e1l es exactamente tu problema y te ayudamos a darle un nuevo impulso a tu espa\u00f1ol.<\/p>\n<p>Porque aprender un idioma es b\u00e1sicamente cuesti\u00f3n de pr\u00e1ctica, te dotaremos con los conocimientos necesarios para aumentar tu habilidad para hablar y entender espa\u00f1ol en el menor tiempo posible.<\/p>\n<p>Un componente importante de estos cursos es la conversaci\u00f3n, por lo que nuestro objetivo principal es la comunicaci\u00f3n verbal, la cual apoyamos con vocabulario, gram\u00e1tica, v\u00eddeos y ejercicios de audio para que mejores la pronunciaci\u00f3n.<\/p>\n<p>Si, por el contrario, es la primera vez que vas a estudiar espa\u00f1ol, estos cursos son ideales para ti, empezamos estableciendo fuertes bases desde el principio para que adquieras fluidez en poco tiempo.<\/p>\n<\/div><div class=\"fusion-title title fusion-title-4 fusion-sep-none fusion-title-text fusion-title-size-four\"><h4 class=\"fusion-title-heading title-heading-left fusion-responsive-typography-calculated\" style=\"margin:0;--fontSize:20;--minFontSize:20;line-height:1.5;\">DESCRIPCI\u00d3N DEL CURSO Y PRECIOS<\/h4><\/div>\n<div class=\"table-2\">\n<table width=\"100%\">\n<thead>\n<tr>\n<th style=\"text-align: center;\">Fecha de Comienzo<\/th>\n<th style=\"text-align: center;\" colspan=\"2\">Todos los Lunes<\/th>\n<\/tr>\n<\/thead>\n<tbody>\n<tr>\n<td style=\"text-align: center;\">Clases por Semana<\/td>\n<td style=\"text-align: center;\" colspan=\"2\">3-6 Horas semanales, con posibilidad de reservar clases privadas<\/td>\n<\/tr>\n<tr>\n<td style=\"text-align: center;\">Duraci\u00f3n<\/td>\n<td style=\"text-align: center;\" colspan=\"2\">Minimo 1 mes<\/td>\n<\/tr>\n<tr>\n<td style=\"text-align: center;\">Niveles<\/td>\n<td style=\"text-align: center;\" colspan=\"2\">Todos los niveles, desde principiante hasta avanzado<\/td>\n<\/tr>\n<tr>\n<td style=\"text-align: center;\">Materiales<\/td>\n<td style=\"text-align: center;\" colspan=\"2\">Libro del alumno y cuaderno de ejercicios para cada nivel<\/td>\n<\/tr>\n<tr>\n<td style=\"text-align: center;\">Matr\u00edcula<\/td>\n<td style=\"text-align: center;\" colspan=\"2\">Gratuita<\/td>\n<\/tr>\n<tr>\n<td style=\"text-align: center;\">Duraci\u00f3n de las clases<\/td>\n<td style=\"text-align: center;\" colspan=\"2\">55 minutos y 5 minutos de descanso<\/td>\n<\/tr>\n<tr>\n<td style=\"text-align: center;\">Numero de alumnos<\/td>\n<td style=\"text-align: center;\" colspan=\"2\">maximo 6 alumnos, minimo 3<\/td>\n<\/tr>\n<tr>\n<td style=\"text-align: center;\">\n<h4>Precios<\/h4>\n<\/td>\n<\/tr>\n<tr>\n<td style=\"text-align: center;\">Horas por Semana<\/td>\n<td style=\"text-align: center;\">3 Horas \/ Semana<\/td>\n<td style=\"text-align: center;\">6 Horas \/ Semana<\/td>\n<\/tr>\n<tr>\n<td style=\"text-align: center;\">\n<p align=\"center\">Mensual<\/p>\n<\/td>\n<td style=\"text-align: center;\">\u20ac120 \/ mes<\/td>\n<td style=\"text-align: center;\">\u20ac240 \/ mes<\/td>\n<\/tr>\n<tr>\n<td style=\"text-align: center;\">\n<p align=\"center\">Paquete Especial 4 Meses<\/p>\n<\/td>\n<td style=\"text-align: center;\">\u20ac440 \/4 meses<\/td>\n<td style=\"text-align: center;\">\u20ac890 \/ 4 meses<\/td>\n<\/tr>\n<\/tbody>\n<\/table>\n<\/div>\n<\/div><\/div><\/div><\/div><\/p>\n","protected":false},"excerpt":{"rendered":"","protected":false},"author":4,"featured_media":0,"parent":0,"menu_order":0,"comment_status":"closed","ping_status":"closed","template":"100-width.php","meta":{"footnotes":""},"class_list":["post-12011","page","type-page","status-publish","hentry"],"_links":{"self":[{"href":"https:\/\/misslanguages.com\/es\/wp-json\/wp\/v2\/pages\/12011","targetHints":{"allow":["GET"]}}],"collection":[{"href":"https:\/\/misslanguages.com\/es\/wp-json\/wp\/v2\/pages"}],"about":[{"href":"https:\/\/misslanguages.com\/es\/wp-json\/wp\/v2\/types\/page"}],"author":[{"embeddable":true,"href":"https:\/\/misslanguages.com\/es\/wp-json\/wp\/v2\/users\/4"}],"replies":[{"embeddable":true,"href":"https:\/\/misslanguages.com\/es\/wp-json\/wp\/v2\/comments?post=12011"}],"version-history":[{"count":6,"href":"https:\/\/misslanguages.com\/es\/wp-json\/wp\/v2\/pages\/12011\/revisions"}],"predecessor-version":[{"id":13081,"href":"https:\/\/misslanguages.com\/es\/wp-json\/wp\/v2\/pages\/12011\/revisions\/13081"}],"wp:attachment":[{"href":"https:\/\/misslanguages.com\/es\/wp-json\/wp\/v2\/media?parent=12011"}],"curies":[{"name":"wp","href":"https:\/\/api.w.org\/{rel}","templated":true}]}}