{"id":12006,"date":"2019-02-18T19:49:23","date_gmt":"2019-02-18T19:49:23","guid":{"rendered":"https:\/\/misslanguages.com\/intensive-spanish-courses-become-fluent-in-spanish\/"},"modified":"2026-01-19T23:35:38","modified_gmt":"2026-01-19T23:35:38","slug":"intensive-spanish-courses-become-fluent-in-spanish","status":"publish","type":"page","link":"https:\/\/misslanguages.com\/es\/intensive-spanish-courses-become-fluent-in-spanish\/","title":{"rendered":"Cursos intensivos de espa\u00f1ol: Domina el espa\u00f1ol con fluidez"},"content":{"rendered":"<p><div class=\"fusion-fullwidth fullwidth-box fusion-builder-row-1 fusion-flex-container fusion-parallax-none nonhundred-percent-fullwidth non-hundred-percent-height-scrolling\" style=\"--awb-background-position:center top;--awb-border-radius-top-left:0px;--awb-border-radius-top-right:0px;--awb-border-radius-bottom-right:0px;--awb-border-radius-bottom-left:0px;--awb-padding-top:8%;--awb-padding-bottom:10%;--awb-background-image:url(&quot;https:\/\/misslanguages.com\/wp-content\/uploads\/2019\/02\/intensive-spanish-courses-marbella-international-spanish-school-1920x1080.jpg&quot;);--awb-background-size:cover;--awb-flex-wrap:wrap;\" ><div class=\"fusion-builder-row fusion-row fusion-flex-align-items-flex-start fusion-flex-content-wrap\" style=\"max-width:calc( 1300px + 0px );margin-left: calc(-0px \/ 2 );margin-right: calc(-0px \/ 2 );\"><div class=\"fusion-layout-column fusion_builder_column fusion-builder-column-0 fusion_builder_column_1_1 1_1 fusion-flex-column fusion-animated\" style=\"--awb-bg-size:cover;--awb-width-large:100%;--awb-margin-top-large:0px;--awb-spacing-right-large:0px;--awb-margin-bottom-large:20px;--awb-spacing-left-large:0px;--awb-width-medium:100%;--awb-spacing-right-medium:0px;--awb-spacing-left-medium:0px;--awb-width-small:100%;--awb-spacing-right-small:0px;--awb-spacing-left-small:0px;\" data-animationType=\"fadeInDown\" data-animationDuration=\"0.6\" data-animationOffset=\"top-into-view\"><div class=\"fusion-column-wrapper fusion-flex-justify-content-flex-start fusion-content-layout-column\"><div class=\"fusion-title title fusion-title-1 fusion-sep-none fusion-title-center fusion-title-text fusion-title-size-two\" style=\"--awb-margin-bottom:0px;\"><h2 class=\"fusion-title-heading title-heading-center fusion-responsive-typography-calculated\" style=\"margin:0;--fontSize:40;line-height:1.2;\"><p style=\"text-align: center;\"><span style=\"color: #ffffff;\">Cursos intensivos de espa\u00f1ol: Domina el espa\u00f1ol con fluidez<\/span><\/p><\/h2><\/div><div class=\"fusion-title title fusion-title-2 fusion-sep-none fusion-title-center fusion-title-text fusion-title-size-six\" style=\"--awb-margin-bottom:15px;\"><h6 class=\"fusion-title-heading title-heading-center fusion-responsive-typography-calculated\" style=\"margin:0;--fontSize:16;--minFontSize:16;line-height:1.5;\"><p style=\"text-align: center;\"><span style=\"color: #ffffff;\">APRENDE ESPA\u00d1OL EN MARBELLA &#8211; ESCUELA DE IDIOMAS<\/span><\/p><\/h6><\/div><\/div><\/div><\/div><\/div><div class=\"fusion-fullwidth fullwidth-box fusion-builder-row-2 fusion-flex-container nonhundred-percent-fullwidth non-hundred-percent-height-scrolling\" style=\"--awb-border-radius-top-left:0px;--awb-border-radius-top-right:0px;--awb-border-radius-bottom-right:0px;--awb-border-radius-bottom-left:0px;--awb-padding-top:7%;--awb-padding-bottom:2%;--awb-flex-wrap:wrap;\" ><div class=\"fusion-builder-row fusion-row fusion-flex-align-items-flex-start fusion-flex-content-wrap\" style=\"max-width:1352px;margin-left: calc(-4% \/ 2 );margin-right: calc(-4% \/ 2 );\"><div class=\"fusion-layout-column fusion_builder_column fusion-builder-column-1 fusion_builder_column_1_1 1_1 fusion-flex-column fusion-animated\" style=\"--awb-bg-size:cover;--awb-width-large:100%;--awb-margin-top-large:40px;--awb-spacing-right-large:1.92%;--awb-margin-bottom-large:0px;--awb-spacing-left-large:1.92%;--awb-width-medium:100%;--awb-spacing-right-medium:1.92%;--awb-spacing-left-medium:1.92%;--awb-width-small:100%;--awb-spacing-right-small:1.92%;--awb-spacing-left-small:1.92%;\" data-animationType=\"slideInLeft\" data-animationDuration=\"0.6\" data-animationOffset=\"top-into-view\"><div class=\"fusion-column-wrapper fusion-flex-justify-content-flex-start fusion-content-layout-column\"><div class=\"fusion-title title fusion-title-3 fusion-sep-none fusion-title-text fusion-title-size-two\"><h2 class=\"fusion-title-heading title-heading-left fusion-responsive-typography-calculated\" style=\"margin:0;--fontSize:40;line-height:1.2;\">CURSOS INTENSIVOS: DOMINA EL ESPA\u00d1OL CON FLUIDEZ<\/h2><\/div><\/div><\/div><div class=\"fusion-layout-column fusion_builder_column fusion-builder-column-2 fusion_builder_column_1_1 1_1 fusion-flex-column\" style=\"--awb-bg-size:cover;--awb-width-large:100%;--awb-margin-top-large:0px;--awb-spacing-right-large:1.92%;--awb-margin-bottom-large:20px;--awb-spacing-left-large:1.92%;--awb-width-medium:100%;--awb-spacing-right-medium:1.92%;--awb-spacing-left-medium:1.92%;--awb-width-small:100%;--awb-spacing-right-small:1.92%;--awb-spacing-left-small:1.92%;\"><div class=\"fusion-column-wrapper fusion-flex-justify-content-flex-start fusion-content-layout-column\"><div class=\"fusion-text fusion-text-1\"><p>Los cursos intensivos est\u00e1n dise\u00f1ados para aquellos estudiantes que desean dominar el espa\u00f1ol en el menor tiempo posible.<br \/>Nuestro enfoque es la COMUNICACI\u00d3N EFICAZ. Disponibles en todos los niveles, nuestros cursos intensivos te proporcionan todas las habilidades b\u00e1sicas para desenvolverte en espa\u00f1ol o para ampliar tus conocimientos previos y extender tus habilidades ling\u00fc\u00edsticas, todo ello en tan solo unos meses. <\/p>\n<\/div><\/div><\/div><div class=\"fusion-layout-column fusion_builder_column fusion-builder-column-3 fusion_builder_column_1_2 1_2 fusion-flex-column\" style=\"--awb-bg-size:cover;--awb-width-large:50%;--awb-margin-top-large:0px;--awb-spacing-right-large:3.84%;--awb-margin-bottom-large:20px;--awb-spacing-left-large:3.84%;--awb-width-medium:100%;--awb-spacing-right-medium:1.92%;--awb-spacing-left-medium:1.92%;--awb-width-small:100%;--awb-spacing-right-small:1.92%;--awb-spacing-left-small:1.92%;\"><div class=\"fusion-column-wrapper fusion-flex-justify-content-flex-start fusion-content-layout-column\"><div class=\"fusion-text fusion-text-2\"><p>En cada lecci\u00f3n, combinamos gram\u00e1tica y conversaci\u00f3n para que puedas aprender y practicar los pilares fundamentales del idioma.<br \/>Estudiar\u00e1s las habilidades ling\u00fc\u00edsticas b\u00e1sicas (leer, escribir, hablar y escuchar) con \u00e9nfasis en el vocabulario para que puedas comunicarte oralmente y por escrito, y tambi\u00e9n te beneficiar\u00e1s de una visi\u00f3n general de la cultura espa\u00f1ola para ayudarte a comprender, y disfrutar, el estilo de vida espa\u00f1ol.<\/p>\n<p>El prop\u00f3sito de formar grupos peque\u00f1os (de 2 a 6 participantes por clase) es maximizar la eficiencia del aprendizaje y ofrecer a todos los participantes tantas oportunidades como sea posible para practicar sus habilidades reci\u00e9n adquiridas. Creemos en fomentar la confianza: todo el mundo PUEDE comunicarse.<br \/>\u00a1Solo necesitas las palabras para hacerlo! <\/p>\n<\/div><\/div><\/div><div class=\"fusion-layout-column fusion_builder_column fusion-builder-column-4 fusion_builder_column_1_2 1_2 fusion-flex-column\" style=\"--awb-bg-size:cover;--awb-width-large:50%;--awb-margin-top-large:0px;--awb-spacing-right-large:3.84%;--awb-margin-bottom-large:20px;--awb-spacing-left-large:3.84%;--awb-width-medium:100%;--awb-spacing-right-medium:1.92%;--awb-spacing-left-medium:1.92%;--awb-width-small:100%;--awb-spacing-right-small:1.92%;--awb-spacing-left-small:1.92%;\"><div class=\"fusion-column-wrapper fusion-flex-justify-content-flex-start fusion-content-layout-column\"><div class=\"fusion-video fusion-youtube\" style=\"--awb-max-width:600px;--awb-max-height:360px;\"><div class=\"video-shortcode\"><div class=\"fluid-width-video-wrapper\" style=\"padding-top:60%;\" ><iframe title=\"YouTube video player 1\" src=\"https:\/\/www.youtube.com\/embed\/LCpMlnP-tmI?wmode=transparent&autoplay=0\" width=\"600\" height=\"360\" allowfullscreen allow=\"autoplay; clipboard-write; encrypted-media; gyroscope; picture-in-picture;\"><\/iframe><\/div><\/div><\/div><\/div><\/div><div class=\"fusion-layout-column fusion_builder_column fusion-builder-column-5 fusion_builder_column_1_1 1_1 fusion-flex-column\" style=\"--awb-bg-size:cover;--awb-width-large:100%;--awb-margin-top-large:0px;--awb-spacing-right-large:1.92%;--awb-margin-bottom-large:20px;--awb-spacing-left-large:1.92%;--awb-width-medium:100%;--awb-spacing-right-medium:1.92%;--awb-spacing-left-medium:1.92%;--awb-width-small:100%;--awb-spacing-right-small:1.92%;--awb-spacing-left-small:1.92%;\"><div class=\"fusion-column-wrapper fusion-flex-justify-content-flex-start fusion-content-layout-column\"><div class=\"fusion-title title fusion-title-4 fusion-sep-none fusion-title-text fusion-title-size-four\"><h4 class=\"fusion-title-heading title-heading-left fusion-responsive-typography-calculated\" style=\"margin:0;--fontSize:20;--minFontSize:20;line-height:1.5;\">DESCRIPCI\u00d3N DEL CURSO Y PRECIOS<\/h4><\/div>\n<div class=\"table-2\">\n<table width=\"100%\">\n<tbody>\n<tr>\n<th>Fechas de inicio<\/th>\n<th colspan=\"2\">Todos los lunes<\/th>\n<\/tr>\n<tr>\n<td>Horas de clase por semana<\/td>\n<td colspan=\"2\">10 horas por semana, con posibilidad de programar clases particulares<\/td>\n<\/tr>\n<tr>\n<td>Duraci\u00f3n<\/td>\n<td colspan=\"2\">1-4 semanas y 5 semanas o m\u00e1s<\/td>\n<\/tr>\n<tr>\n<td>Niveles<\/td>\n<td colspan=\"2\">Todos los niveles, desde principiantes hasta avanzados<\/td>\n<\/tr>\n<tr>\n<td>Materiales de aprendizaje<\/td>\n<td colspan=\"2\">Libro de texto y libro de ejercicios para estudiantes del nivel apropiado requerido<\/td>\n<\/tr>\n<tr>\n<td>Tasas de matriculaci\u00f3n<\/td>\n<td colspan=\"2\">No se requieren tasas de matriculaci\u00f3n<\/td>\n<\/tr>\n<tr>\n<td>Duraci\u00f3n de la lecci\u00f3n<\/td>\n<td colspan=\"2\">55 min. +5 descanso por hora = 1 hora<\/td>\n<\/tr>\n<tr>\n<td>Tama\u00f1o de la clase<\/td>\n<td colspan=\"2\">M\u00e1x. 6 estudiantes por clase de espa\u00f1ol. M\u00edn. 3  <\/td>\n<\/tr>\n<\/tbody>\n<\/table>\n<\/div>\n<\/div><\/div><\/div><\/div><div class=\"fusion-fullwidth fullwidth-box fusion-builder-row-3 fusion-flex-container has-pattern-background has-mask-background nonhundred-percent-fullwidth non-hundred-percent-height-scrolling\" style=\"--awb-border-radius-top-left:0px;--awb-border-radius-top-right:0px;--awb-border-radius-bottom-right:0px;--awb-border-radius-bottom-left:0px;--awb-flex-wrap:wrap;\" ><div class=\"fusion-builder-row fusion-row fusion-flex-align-items-flex-start fusion-flex-content-wrap\" style=\"max-width:1352px;margin-left: calc(-4% \/ 2 );margin-right: calc(-4% \/ 2 );\"><div class=\"fusion-layout-column fusion_builder_column fusion-builder-column-6 fusion_builder_column_1_1 1_1 fusion-flex-column\" style=\"--awb-bg-size:cover;--awb-width-large:100%;--awb-margin-top-large:0px;--awb-spacing-right-large:1.92%;--awb-margin-bottom-large:20px;--awb-spacing-left-large:1.92%;--awb-width-medium:100%;--awb-order-medium:0;--awb-spacing-right-medium:1.92%;--awb-spacing-left-medium:1.92%;--awb-width-small:100%;--awb-order-small:0;--awb-spacing-right-small:1.92%;--awb-spacing-left-small:1.92%;\"><div class=\"fusion-column-wrapper fusion-column-has-shadow fusion-flex-justify-content-flex-start fusion-content-layout-column\"><div class=\"fusion-woo-product-slider fusion-woo-slider\"><div class=\"awb-carousel awb-swiper awb-swiper-carousel fusion-carousel-title-below-image\" style=\"--awb-columns:3;--awb-column-spacing:10px;\" data-metacontent=\"yes\" data-autoplay=\"no\" data-columns=\"3\" data-itemmargin=\"10\" data-itemwidth=\"180\" data-touchscroll=\"no\" data-imagesize=\"fixed\"><div class=\"swiper-wrapper\"><div class=\"swiper-slide\"><div class=\"fusion-classic-product-image-wrapper\"><div class=\"fusion-carousel-item-wrapper\"><div  class=\"fusion-image-wrapper fusion-image-size-fixed\" aria-haspopup=\"true\">\n\t\t\t\t<div class=\"fusion-woo-badges-wrapper\">\n<\/div><img decoding=\"async\" width=\"730\" height=\"410\" src=\"https:\/\/misslanguages.com\/wp-content\/uploads\/2024\/09\/Private-Spanish-Lessons-Package-10-hours-4-week.jpg\" class=\"attachment-portfolio-five size-portfolio-five wp-post-image\" alt=\"\" srcset=\"https:\/\/misslanguages.com\/wp-content\/uploads\/2024\/09\/Private-Spanish-Lessons-Package-10-hours-4-week-66x37.jpg 66w, https:\/\/misslanguages.com\/wp-content\/uploads\/2024\/09\/Private-Spanish-Lessons-Package-10-hours-4-week-200x112.jpg 200w, https:\/\/misslanguages.com\/wp-content\/uploads\/2024\/09\/Private-Spanish-Lessons-Package-10-hours-4-week-300x168.jpg 300w, https:\/\/misslanguages.com\/wp-content\/uploads\/2024\/09\/Private-Spanish-Lessons-Package-10-hours-4-week-320x180.jpg 320w, https:\/\/misslanguages.com\/wp-content\/uploads\/2024\/09\/Private-Spanish-Lessons-Package-10-hours-4-week-400x225.jpg 400w, https:\/\/misslanguages.com\/wp-content\/uploads\/2024\/09\/Private-Spanish-Lessons-Package-10-hours-4-week-500x281.jpg 500w, https:\/\/misslanguages.com\/wp-content\/uploads\/2024\/09\/Private-Spanish-Lessons-Package-10-hours-4-week-600x337.jpg 600w, https:\/\/misslanguages.com\/wp-content\/uploads\/2024\/09\/Private-Spanish-Lessons-Package-10-hours-4-week-669x376.jpg 669w, https:\/\/misslanguages.com\/wp-content\/uploads\/2024\/09\/Private-Spanish-Lessons-Package-10-hours-4-week-700x393.jpg 700w, https:\/\/misslanguages.com\/wp-content\/uploads\/2024\/09\/Private-Spanish-Lessons-Package-10-hours-4-week.jpg 730w\" sizes=\"(max-width: 730px) 100vw, 730px\" \/><div class=\"fusion-rollover\">\n\t<div class=\"fusion-rollover-content\">\n\n\t\t\t\t\n\t\t\n\t\t\t\t\t\t\t\t\n\t\t\t\t\t\t\t\t\n\t\t\n\t\t\t\t\t\t\t\t\n\t\t\t\t\t\t\n\t\t\t\t\t\t\t\t\t\t<div class=\"fusion-product-buttons\">\n\t\t\t\t\t<a href=\"\/es\/wp-json\/wp\/v2\/pages\/12006?add-to-cart=12397\" aria-describedby=\"woocommerce_loop_add_to_cart_link_describedby_12397\" data-quantity=\"1\" class=\"button product_type_simple add_to_cart_button ajax_add_to_cart\" data-product_id=\"12397\" data-product_sku=\"\" aria-label=\"A\u00f1adir al carrito: &ldquo;Intensive Course 10 hours \/ 4 weeks&rdquo;\" rel=\"nofollow\">A\u00f1adir al carrito<\/a>\t<span id=\"woocommerce_loop_add_to_cart_link_describedby_12397\" class=\"screen-reader-text\">\n\t\t\t<\/span>\n<span class=\"fusion-rollover-linebreak\">\n\t<\/span>\n\n<a href=\"https:\/\/misslanguages.com\/es\/producto\/intensive-course-10-hours-4-week\/\" class=\"show_details_button\">\n\tDetails<\/a>\n\n\t\t\t\t<\/div>\n\t\t\t\t\t\t\t\t\t<a class=\"fusion-link-wrapper\" href=\"https:\/\/misslanguages.com\/es\/producto\/intensive-course-10-hours-4-week\/\" aria-label=\"Intensive Course 10 hours \/ 4 weeks\"><\/a>\n\t<\/div>\n<\/div>\n<\/div>\n<h4 class=\"fusion-carousel-title product-title\"><a href=\"https:\/\/misslanguages.com\/es\/producto\/intensive-course-10-hours-4-week\/\" target=\"_self\">Intensive Course 10 hours \/ 4 weeks<\/a><\/h4><div class=\"fusion-carousel-meta\"><a href=\"https:\/\/misslanguages.com\/es\/product-category\/intensive-course-10-hours\/\" rel=\"tag\">Intensive Course 10 hours<\/a><div class=\"fusion-carousel-price\">\n\t<span class=\"price\"><span class=\"woocommerce-Price-amount amount\"><bdi><span class=\"woocommerce-Price-currencySymbol\">&euro;<\/span>510.00<\/bdi><\/span><\/span>\n<\/div><\/div><\/div><\/div><\/div><div class=\"swiper-slide\"><div class=\"fusion-classic-product-image-wrapper\"><div class=\"fusion-carousel-item-wrapper\"><div  class=\"fusion-image-wrapper fusion-image-size-fixed\" aria-haspopup=\"true\">\n\t\t\t\t<div class=\"fusion-woo-badges-wrapper\">\n<\/div><img decoding=\"async\" width=\"730\" height=\"410\" src=\"https:\/\/misslanguages.com\/wp-content\/uploads\/2024\/09\/Private-Spanish-Lessons-Package-10-hours-4-months.jpg\" class=\"attachment-portfolio-five size-portfolio-five wp-post-image\" alt=\"\" srcset=\"https:\/\/misslanguages.com\/wp-content\/uploads\/2024\/09\/Private-Spanish-Lessons-Package-10-hours-4-months-66x37.jpg 66w, https:\/\/misslanguages.com\/wp-content\/uploads\/2024\/09\/Private-Spanish-Lessons-Package-10-hours-4-months-200x112.jpg 200w, https:\/\/misslanguages.com\/wp-content\/uploads\/2024\/09\/Private-Spanish-Lessons-Package-10-hours-4-months-300x168.jpg 300w, https:\/\/misslanguages.com\/wp-content\/uploads\/2024\/09\/Private-Spanish-Lessons-Package-10-hours-4-months-320x180.jpg 320w, https:\/\/misslanguages.com\/wp-content\/uploads\/2024\/09\/Private-Spanish-Lessons-Package-10-hours-4-months-400x225.jpg 400w, https:\/\/misslanguages.com\/wp-content\/uploads\/2024\/09\/Private-Spanish-Lessons-Package-10-hours-4-months-500x281.jpg 500w, https:\/\/misslanguages.com\/wp-content\/uploads\/2024\/09\/Private-Spanish-Lessons-Package-10-hours-4-months-600x337.jpg 600w, https:\/\/misslanguages.com\/wp-content\/uploads\/2024\/09\/Private-Spanish-Lessons-Package-10-hours-4-months-669x376.jpg 669w, https:\/\/misslanguages.com\/wp-content\/uploads\/2024\/09\/Private-Spanish-Lessons-Package-10-hours-4-months-700x393.jpg 700w, https:\/\/misslanguages.com\/wp-content\/uploads\/2024\/09\/Private-Spanish-Lessons-Package-10-hours-4-months.jpg 730w\" sizes=\"(max-width: 730px) 100vw, 730px\" \/><div class=\"fusion-rollover\">\n\t<div class=\"fusion-rollover-content\">\n\n\t\t\t\t\n\t\t\n\t\t\t\t\t\t\t\t\n\t\t\t\t\t\t\t\t\n\t\t\n\t\t\t\t\t\t\t\t\n\t\t\t\t\t\t\n\t\t\t\t\t\t\t\t\t\t<div class=\"fusion-product-buttons\">\n\t\t\t\t\t<a href=\"\/es\/wp-json\/wp\/v2\/pages\/12006?add-to-cart=12400\" aria-describedby=\"woocommerce_loop_add_to_cart_link_describedby_12400\" data-quantity=\"1\" class=\"button product_type_simple add_to_cart_button ajax_add_to_cart\" data-product_id=\"12400\" data-product_sku=\"\" aria-label=\"A\u00f1adir al carrito: &ldquo;Intensive Course 10 hours \/ 8 weeks&rdquo;\" rel=\"nofollow\">A\u00f1adir al carrito<\/a>\t<span id=\"woocommerce_loop_add_to_cart_link_describedby_12400\" class=\"screen-reader-text\">\n\t\t\t<\/span>\n<span class=\"fusion-rollover-linebreak\">\n\t<\/span>\n\n<a href=\"https:\/\/misslanguages.com\/es\/producto\/intensive-course-10-hours-4-months\/\" class=\"show_details_button\">\n\tDetails<\/a>\n\n\t\t\t\t<\/div>\n\t\t\t\t\t\t\t\t\t<a class=\"fusion-link-wrapper\" href=\"https:\/\/misslanguages.com\/es\/producto\/intensive-course-10-hours-4-months\/\" aria-label=\"Intensive Course 10 hours \/ 8 weeks\"><\/a>\n\t<\/div>\n<\/div>\n<\/div>\n<h4 class=\"fusion-carousel-title product-title\"><a href=\"https:\/\/misslanguages.com\/es\/producto\/intensive-course-10-hours-4-months\/\" target=\"_self\">Intensive Course 10 hours \/ 8 weeks<\/a><\/h4><div class=\"fusion-carousel-meta\"><a href=\"https:\/\/misslanguages.com\/es\/product-category\/intensive-course-10-hours\/\" rel=\"tag\">Intensive Course 10 hours<\/a><div class=\"fusion-carousel-price\">\n\t<span class=\"price\"><span class=\"woocommerce-Price-amount amount\"><bdi><span class=\"woocommerce-Price-currencySymbol\">&euro;<\/span>930.00<\/bdi><\/span><\/span>\n<\/div><\/div><\/div><\/div><\/div><\/div><div class=\"awb-swiper-button awb-swiper-button-prev\"><i class=\"awb-icon-angle-left\" aria-hidden=\"true\"><\/i><\/div><div class=\"awb-swiper-button awb-swiper-button-next\"><i class=\"awb-icon-angle-right\" aria-hidden=\"true\"><\/i><\/div><\/div><\/div><\/div><\/div><\/div><\/div><\/p>\n","protected":false},"excerpt":{"rendered":"","protected":false},"author":4,"featured_media":0,"parent":0,"menu_order":0,"comment_status":"closed","ping_status":"closed","template":"100-width.php","meta":{"footnotes":""},"class_list":["post-12006","page","type-page","status-publish","hentry"],"_links":{"self":[{"href":"https:\/\/misslanguages.com\/es\/wp-json\/wp\/v2\/pages\/12006","targetHints":{"allow":["GET"]}}],"collection":[{"href":"https:\/\/misslanguages.com\/es\/wp-json\/wp\/v2\/pages"}],"about":[{"href":"https:\/\/misslanguages.com\/es\/wp-json\/wp\/v2\/types\/page"}],"author":[{"embeddable":true,"href":"https:\/\/misslanguages.com\/es\/wp-json\/wp\/v2\/users\/4"}],"replies":[{"embeddable":true,"href":"https:\/\/misslanguages.com\/es\/wp-json\/wp\/v2\/comments?post=12006"}],"version-history":[{"count":9,"href":"https:\/\/misslanguages.com\/es\/wp-json\/wp\/v2\/pages\/12006\/revisions"}],"predecessor-version":[{"id":13074,"href":"https:\/\/misslanguages.com\/es\/wp-json\/wp\/v2\/pages\/12006\/revisions\/13074"}],"wp:attachment":[{"href":"https:\/\/misslanguages.com\/es\/wp-json\/wp\/v2\/media?parent=12006"}],"curies":[{"name":"wp","href":"https:\/\/api.w.org\/{rel}","templated":true}]}}