{"id":11977,"date":"2019-04-05T12:11:04","date_gmt":"2019-04-05T12:11:04","guid":{"rendered":"https:\/\/misslanguages.com\/spanish-classes-on-skype-with-the-qualified-native-speaking-spanish-teachers\/"},"modified":"2019-04-05T13:08:57","modified_gmt":"2019-04-05T13:08:57","slug":"spanish-classes-on-skype-with-the-qualified-native-speaking-spanish-teachers","status":"publish","type":"page","link":"https:\/\/misslanguages.com\/es\/spanish-classes-on-skype-with-the-qualified-native-speaking-spanish-teachers\/","title":{"rendered":"Skype con profesores cualificados nativos de espa\u00f1ol"},"content":{"rendered":"<p><div class=\"fusion-fullwidth fullwidth-box fusion-builder-row-1 fusion-flex-container fusion-parallax-none nonhundred-percent-fullwidth non-hundred-percent-height-scrolling\" style=\"--awb-border-radius-top-left:0px;--awb-border-radius-top-right:0px;--awb-border-radius-bottom-right:0px;--awb-border-radius-bottom-left:0px;--awb-padding-top:8%;--awb-padding-bottom:10%;--awb-background-image:url(&quot;https:\/\/misslanguages.com\/wp-content\/uploads\/2019\/04\/Spanish-classes-on-Skype-with-the-qualified-native-speaking-Spanish-teachers-marbella-2.jpg&quot;);--awb-background-size:cover;--awb-flex-wrap:wrap;\" ><div class=\"fusion-builder-row fusion-row fusion-flex-align-items-flex-start fusion-flex-content-wrap\" style=\"max-width:calc( 1300px + 0px );margin-left: calc(-0px \/ 2 );margin-right: calc(-0px \/ 2 );\"><div class=\"fusion-layout-column fusion_builder_column fusion-builder-column-0 fusion_builder_column_1_1 1_1 fusion-flex-column fusion-animated\" style=\"--awb-bg-size:cover;--awb-width-large:100%;--awb-margin-top-large:0px;--awb-spacing-right-large:0px;--awb-margin-bottom-large:20px;--awb-spacing-left-large:0px;--awb-width-medium:100%;--awb-spacing-right-medium:0px;--awb-spacing-left-medium:0px;--awb-width-small:100%;--awb-spacing-right-small:0px;--awb-spacing-left-small:0px;\" data-animationType=\"fadeInDown\" data-animationDuration=\"0.6\" data-animationOffset=\"top-into-view\"><div class=\"fusion-column-wrapper fusion-flex-justify-content-flex-start fusion-content-layout-column\"><div class=\"fusion-title title fusion-title-1 fusion-sep-none fusion-title-center fusion-title-text fusion-title-size-two\" style=\"--awb-margin-bottom:0px;\"><h2 class=\"fusion-title-heading title-heading-center fusion-responsive-typography-calculated\" style=\"margin:0;--fontSize:40;line-height:1.2;\"><p style=\"text-align: center;\"><span style=\"color: #ffffff;\">Lecciones de conversaci\u00f3n en Skype<\/span><\/p><\/h2><\/div><div class=\"fusion-title title fusion-title-2 fusion-sep-none fusion-title-center fusion-title-text fusion-title-size-six\" style=\"--awb-margin-bottom:15px;\"><h6 class=\"fusion-title-heading title-heading-center fusion-responsive-typography-calculated\" style=\"margin:0;--fontSize:16;--minFontSize:16;line-height:1.5;\"><p style=\"text-align: center;\"><span style=\"color: #ffffff;\">APRENDE A HABLAR ESPA\u00d1OL ONLINE<\/span><\/p><\/h6><\/div><\/div><\/div><\/div><\/div><div class=\"fusion-fullwidth fullwidth-box fusion-builder-row-2 fusion-flex-container nonhundred-percent-fullwidth non-hundred-percent-height-scrolling\" style=\"--awb-border-radius-top-left:0px;--awb-border-radius-top-right:0px;--awb-border-radius-bottom-right:0px;--awb-border-radius-bottom-left:0px;--awb-padding-top:7%;--awb-padding-bottom:2%;--awb-flex-wrap:wrap;\" ><div class=\"fusion-builder-row fusion-row fusion-flex-align-items-flex-start fusion-flex-content-wrap\" style=\"max-width:1352px;margin-left: calc(-4% \/ 2 );margin-right: calc(-4% \/ 2 );\"><div class=\"fusion-layout-column fusion_builder_column fusion-builder-column-1 fusion_builder_column_1_1 1_1 fusion-flex-column fusion-animated\" style=\"--awb-bg-size:cover;--awb-width-large:100%;--awb-margin-top-large:40px;--awb-spacing-right-large:1.92%;--awb-margin-bottom-large:0px;--awb-spacing-left-large:1.92%;--awb-width-medium:100%;--awb-spacing-right-medium:1.92%;--awb-spacing-left-medium:1.92%;--awb-width-small:100%;--awb-spacing-right-small:1.92%;--awb-spacing-left-small:1.92%;\" data-animationType=\"slideInLeft\" data-animationDuration=\"0.6\" data-animationOffset=\"top-into-view\"><div class=\"fusion-column-wrapper fusion-flex-justify-content-flex-start fusion-content-layout-column\"><div class=\"fusion-title title fusion-title-3 fusion-sep-none fusion-title-text fusion-title-size-two\"><h2 class=\"fusion-title-heading title-heading-left fusion-responsive-typography-calculated\" style=\"margin:0;--fontSize:40;line-height:1.2;\">APRENDE A HABLAR ESPA\u00d1OL ONLINE<\/h2><\/div><\/div><\/div><div class=\"fusion-layout-column fusion_builder_column fusion-builder-column-2 fusion_builder_column_1_1 1_1 fusion-flex-column\" style=\"--awb-bg-size:cover;--awb-width-large:100%;--awb-margin-top-large:0px;--awb-spacing-right-large:1.92%;--awb-margin-bottom-large:20px;--awb-spacing-left-large:1.92%;--awb-width-medium:100%;--awb-spacing-right-medium:1.92%;--awb-spacing-left-medium:1.92%;--awb-width-small:100%;--awb-spacing-right-small:1.92%;--awb-spacing-left-small:1.92%;\"><div class=\"fusion-column-wrapper fusion-flex-justify-content-flex-start fusion-content-layout-column\"><div class=\"fusion-text fusion-text-1\"><p>Practica y mejora tu fluidez con conversaciones a trav\u00e9s de Skype. Disfruta de clases privadas de espa\u00f1ol por Skype con profesores cualificados nativos de espa\u00f1ol en MISS Languages Marbella, Espa\u00f1a.<\/p>\n<p>Con nuestras Clases de Conversaci\u00f3n online no s\u00f3lo obtendr\u00e1s una mejora excepcional en tus habilidades orales, sino que tambi\u00e9n muchas de tus otras habilidades en espa\u00f1ol mejorar\u00e1n. Juntos personalizamos la clase para que se adapte a tus necesidades e intereses. Te escuchamos!<\/p>\n<p>Obt\u00e9n una mejor comprensi\u00f3n del idioma y practica la conversaci\u00f3n que necesitas para sentirte seguro al comunicarte en espa\u00f1ol.<\/p>\n<\/div><div class=\"fusion-title title fusion-title-4 fusion-sep-none fusion-title-text fusion-title-size-four\"><h4 class=\"fusion-title-heading title-heading-left fusion-responsive-typography-calculated\" style=\"margin:0;--fontSize:20;--minFontSize:20;line-height:1.5;\">CLASSES DE 30 Y 45 MINUTES.<\/h4><\/div><\/div><\/div><div class=\"fusion-layout-column fusion_builder_column fusion-builder-column-3 fusion_builder_column_1_2 1_2 fusion-flex-column\" style=\"--awb-bg-size:cover;--awb-width-large:50%;--awb-margin-top-large:0px;--awb-spacing-right-large:3.84%;--awb-margin-bottom-large:20px;--awb-spacing-left-large:3.84%;--awb-width-medium:100%;--awb-spacing-right-medium:1.92%;--awb-spacing-left-medium:1.92%;--awb-width-small:100%;--awb-spacing-right-small:1.92%;--awb-spacing-left-small:1.92%;\"><div class=\"fusion-column-wrapper fusion-flex-justify-content-flex-start fusion-content-layout-column\">\n<div class=\"table-2\">\n<table width=\"100%\">\n<thead>\n<tr>\n<th align=\"left\">Duracion<\/th>\n<th align=\"left\">precio<\/th>\n<th align=\"left\">Paquetes<\/th>\n<\/tr>\n<\/thead>\n<tbody>\n<tr>\n<td align=\"left\">Clases de 30 mins<\/td>\n<td align=\"left\">\u20ac20.00<\/td>\n<td align=\"left\">Paquete de 10 clases \u20ac180.00<\/td>\n<\/tr>\n<tr>\n<td align=\"left\">Clases de 45 mins<\/td>\n<td align=\"left\">\u20ac25.00<\/td>\n<td align=\"left\">Paquete de 10 clases \u20ac220.00<\/td>\n<\/tr>\n<\/tbody>\n<\/table>\n<\/div>\n<\/div><\/div><div class=\"fusion-layout-column fusion_builder_column fusion-builder-column-4 fusion_builder_column_1_2 1_2 fusion-flex-column\" style=\"--awb-bg-size:cover;--awb-width-large:50%;--awb-margin-top-large:0px;--awb-spacing-right-large:3.84%;--awb-margin-bottom-large:20px;--awb-spacing-left-large:3.84%;--awb-width-medium:100%;--awb-spacing-right-medium:1.92%;--awb-spacing-left-medium:1.92%;--awb-width-small:100%;--awb-spacing-right-small:1.92%;--awb-spacing-left-small:1.92%;\"><div class=\"fusion-column-wrapper fusion-flex-justify-content-flex-start fusion-content-layout-column\"><div class=\"fusion-text fusion-text-2\"><p><img decoding=\"async\" class=\"alignnone size-full wp-image-11960\" src=\"https:\/\/misslanguages.com\/wp-content\/uploads\/2019\/04\/Spanish-classes-on-Skype-with-the-qualified-native-speaking-Spanish-teachers-marbella.jpg\" alt=\"Spanish classes on Skype with the qualified native speaking Spanish teachers\" width=\"800\" height=\"534\" srcset=\"https:\/\/misslanguages.com\/wp-content\/uploads\/2019\/04\/Spanish-classes-on-Skype-with-the-qualified-native-speaking-Spanish-teachers-marbella-200x134.jpg 200w, https:\/\/misslanguages.com\/wp-content\/uploads\/2019\/04\/Spanish-classes-on-Skype-with-the-qualified-native-speaking-Spanish-teachers-marbella-300x200.jpg 300w, https:\/\/misslanguages.com\/wp-content\/uploads\/2019\/04\/Spanish-classes-on-Skype-with-the-qualified-native-speaking-Spanish-teachers-marbella-400x267.jpg 400w, https:\/\/misslanguages.com\/wp-content\/uploads\/2019\/04\/Spanish-classes-on-Skype-with-the-qualified-native-speaking-Spanish-teachers-marbella-500x334.jpg 500w, https:\/\/misslanguages.com\/wp-content\/uploads\/2019\/04\/Spanish-classes-on-Skype-with-the-qualified-native-speaking-Spanish-teachers-marbella-600x401.jpg 600w, https:\/\/misslanguages.com\/wp-content\/uploads\/2019\/04\/Spanish-classes-on-Skype-with-the-qualified-native-speaking-Spanish-teachers-marbella-700x467.jpg 700w, https:\/\/misslanguages.com\/wp-content\/uploads\/2019\/04\/Spanish-classes-on-Skype-with-the-qualified-native-speaking-Spanish-teachers-marbella-768x513.jpg 768w, https:\/\/misslanguages.com\/wp-content\/uploads\/2019\/04\/Spanish-classes-on-Skype-with-the-qualified-native-speaking-Spanish-teachers-marbella.jpg 800w\" sizes=\"(max-width: 800px) 100vw, 800px\" \/><\/p>\n<\/div><\/div><\/div><\/div><\/div><\/p>\n","protected":false},"excerpt":{"rendered":"","protected":false},"author":4,"featured_media":0,"parent":0,"menu_order":0,"comment_status":"closed","ping_status":"closed","template":"100-width.php","meta":{"footnotes":""},"class_list":["post-11977","page","type-page","status-publish","hentry"],"_links":{"self":[{"href":"https:\/\/misslanguages.com\/es\/wp-json\/wp\/v2\/pages\/11977","targetHints":{"allow":["GET"]}}],"collection":[{"href":"https:\/\/misslanguages.com\/es\/wp-json\/wp\/v2\/pages"}],"about":[{"href":"https:\/\/misslanguages.com\/es\/wp-json\/wp\/v2\/types\/page"}],"author":[{"embeddable":true,"href":"https:\/\/misslanguages.com\/es\/wp-json\/wp\/v2\/users\/4"}],"replies":[{"embeddable":true,"href":"https:\/\/misslanguages.com\/es\/wp-json\/wp\/v2\/comments?post=11977"}],"version-history":[{"count":3,"href":"https:\/\/misslanguages.com\/es\/wp-json\/wp\/v2\/pages\/11977\/revisions"}],"predecessor-version":[{"id":11980,"href":"https:\/\/misslanguages.com\/es\/wp-json\/wp\/v2\/pages\/11977\/revisions\/11980"}],"wp:attachment":[{"href":"https:\/\/misslanguages.com\/es\/wp-json\/wp\/v2\/media?parent=11977"}],"curies":[{"name":"wp","href":"https:\/\/api.w.org\/{rel}","templated":true}]}}